{"id":1076,"date":"2023-10-09T21:58:57","date_gmt":"2023-10-09T19:58:57","guid":{"rendered":"https:\/\/young-academy.stage.royalacademy.twentyfour.dev\/?page_id=1076"},"modified":"2025-01-14T15:44:40","modified_gmt":"2025-01-14T14:44:40","slug":"forskningsmiljoprisen","status":"publish","type":"page","link":"https:\/\/youngacademy.dk\/da\/forskningsmiljoprisen\/","title":{"rendered":"Forskningsmilj\u00f8prisen"},"content":{"rendered":"<section class=\"block-two-column-text  block bg-dark\">\n    <div class=\"custom-container\">\n        <div class=\"fade-up row justify-content-end\">\n            <div class=\"col-12 col-xl-11\">\n                <div class=\"row justify-content-between\">\n                                            <div class=\"col-lg-5 d-flex flex-column row-gap-4\">\n                                                        <h2><h1>Forskningsmilj\u00f8prisen<\/h1>\r\n\r\n<p>Det Unge Akademi har for andet \u00e5r uddelt prisen for \u00e5rets danske forskningsmilj\u00f8, hvor juniorforskere kan indstille deres forskningsmilj\u00f8 til prisen. Udover anerkendelsen f\u00f8lger der 10.000 kr. med til et fagligt eller socialt arrangement.<\/p><\/h2>\n                                                            <div class=\"wave-pattern mt-5 mb-5 mb-lg-0\"><\/div>\n                                                    <\/div>\n                                                                <div class=\"col-lg-6 second-col\">\n                                                            <p>&nbsp;<\/p>\n<p>&nbsp;<\/p>\n<p>Gode forskningsmilj\u00f8er g\u00f8r forskningen bedre. I Det Unge Akademi ved vi, hvor vigtigt det er for unge forskeres talentudvikling at indg\u00e5 i gode forskningsf\u00e6llesskaber. Derfor har vi indstiftet en pris, der anerkender forskningsmilj\u00f8ets betydning for den enkelte forskers arbejde, pr\u00e6stationer og velv\u00e6re, og anerkender deltagernes bidrag til f\u00e6llesskabet. Vores m\u00e5l er at starte en samtale om de kvaliteter, der kendetegner et godt forskningsmilj\u00f8.<br \/>\nL\u00e6s ogs\u00e5 artikel i Universitetsavisen (KU) om prisen.<\/p>\n<p>&nbsp;<\/p>\n                                                        <div class=\"d-flex flex-lg-row flex-column gap-4\">\n\t\t\t\t\t\t\t\t\t\t\t\t\t\t\t\t\t\t\t\t\t\t\t\t\t\t\t<a href=\"https:\/\/uniavisen.dk\/det-unge-akademi-derfor-beloenner-vi-det-bedste-forskningsmiljoe\/\" target=\"\" class=\"justify-content-between primary-cta btn-light btn mt-lg-4 btn-primary btn-lg\">L\u00e6s ogs\u00e5 artikel i Universitetsavisen (KU) <i class=\"arrow-left\"><\/i><\/a>\n\t\t\t\t\t\t\t\t\t\t\t\t\t\t\t\t\t\t\t\t\t\t\t\t\t                            <\/div>\n                        <\/div>\n                                    <\/div>\n            <\/div>\n        <\/div>\n    <\/div>\n<\/section>\n\n\n\t\t<section class=\"block-news-slider block bg-light\">\n\t\t<div class=\"custom-container\">\n\t\t\t<div class=\"row justify-content-end\">\n\t\t\t\t<!-- Slider main container -->\n\t\t\t\t<div class=\"col-12 col-xl-11\">\n\t\t\t\t\t<!-- Additional required wrapper -->\n\t\t\t\t\t<div class=\"content-slider news-slider\">\n\t\t\t\t\t\t<div class=\"d-flex justify-content-between align-items-center mb-5 \">\n\t\t\t\t\t\t\t<div class=\"d-flex gap-5\">\n\n\t\t\t\t\t\t\t\t\n\t\t\t\t\t\t\t\t\t\t\t\t\t\t\t\t\t<div class=\"controls d-none d-lg-flex gap-4\">\n\t\t\t\t\t\t\t\t\t\t<div class=\"button-prev-news\"><i class=\"arrow-right\"><\/i><\/div>\n\t\t\t\t\t\t\t\t\t\t<div class=\"button-next-news\"><i class=\"arrow-left\"><\/i><\/div>\n\t\t\t\t\t\t\t\t\t<\/div>\n\t\t\t\t\t\t\t\t\n\t\t\t\t\t\t\t<\/div>\n\t\t\t\t\t\t\t\t\t\t\t\t\t<\/div>\n\t\t\t\t\t\t<div class=\"swiper-wrapper pt-ms-2 mb-0 mb-lg-0 pb-5 pb-lg-0 mt-0\">\n\t\t\t\t\t\t\t<!-- Slides -->\n\t\t\t\t\t\t\t\t\t\t\t\t\t\t\t<a class=\"swiper-slide\" href=\"https:\/\/youngacademy.dk\/da\/research-environment-prize-2026\/\" alt=\"Se arrangement\">\n\t\t\t\t\t\t\t\t\t<div class=\"flex-column d-flex row-gap-4\">\n\t\t\t\t\t\t\t\t\t\t<div class=\"content-image-wrapper overflow-hidden bg-dark\">\n\t\t\t\t\t\t\t\t\t\t\t<!-- Show member badge if 'members_access_role' object exsists -->\n\t\t\t\t\t\t\t\t\t\t\t\t\t\t\t\t\t\t\t\t\t\t\t\t\t\t\t\t\t\t\t\t\t\t<img decoding=\"async\" width=\"1500\" height=\"1000\" data-src=\"https:\/\/youngacademy.dk\/wp-content\/uploads\/sites\/5\/2025\/01\/forskmilpris25-2.png\" class=\"aspect-ratio-3-2 lazyload\" alt=\"Research Environment Prize 2026\" data-srcset=\"https:\/\/youngacademy.dk\/wp-content\/uploads\/sites\/5\/2025\/01\/forskmilpris25-2.png 1500w, https:\/\/youngacademy.dk\/wp-content\/uploads\/sites\/5\/2025\/01\/forskmilpris25-2-300x200.png 300w, https:\/\/youngacademy.dk\/wp-content\/uploads\/sites\/5\/2025\/01\/forskmilpris25-2-1024x683.png 1024w, https:\/\/youngacademy.dk\/wp-content\/uploads\/sites\/5\/2025\/01\/forskmilpris25-2-768x512.png 768w\" data-sizes=\"(max-width: 1500px) 100vw, 1500px\" src=\"data:image\/svg+xml;base64,PHN2ZyB3aWR0aD0iMSIgaGVpZ2h0PSIxIiB4bWxucz0iaHR0cDovL3d3dy53My5vcmcvMjAwMC9zdmciPjwvc3ZnPg==\" style=\"--smush-placeholder-width: 1500px; --smush-placeholder-aspect-ratio: 1500\/1000;\" \/>\t\t\t\t\t\t\t\t\t\t\t\t\t\t\t\t\t\t\t\t\t<\/div>\n\t\t\t\t\t\t\t\t\t\t<div class=\"d-flex flex-column gap-3 justify-content-between\">\n\t\t\t\t\t\t\t\t\t\t\t<h5 class=\"d-flex gap-3\">26.01.26<\/h5>\n\t\t\t\t\t\t\t\t\t\t\t<h3 class=\"mb-0\">Research Environment Prize 2026<\/h3>\n\t\t\t\t\t\t\t\t\t\t\t<span>Forskningsmilj\u00f8prisen<\/span>\n\t\t\t\t\t\t\t\t\t\t\t<div>\n\t\t\t\t\t\t\t\t\t\t\t\t<div class=\"d-inline-flex btn btn-arrow p-0 btn-lg\"> <i class=\"arrow-left\"><\/i><\/div>\n\t\t\t\t\t\t\t\t\t\t\t<\/div>\n\t\t\t\t\t\t\t\t\t\t<\/div>\n\t\t\t\t\t\t\t\t\t<\/div>\n\t\t\t\t\t\t\t\t<\/a>\n\t\t\t\t\t\t\t\t\t\t\t\t\t\t\t<a class=\"swiper-slide\" href=\"https:\/\/youngacademy.dk\/da\/vinder-af-aarets-forskningsmiljoe-2025-forskningsgruppen-the-calcium-ca2-signalling-group\/\" alt=\"Se arrangement\">\n\t\t\t\t\t\t\t\t\t<div class=\"flex-column d-flex row-gap-4\">\n\t\t\t\t\t\t\t\t\t\t<div class=\"content-image-wrapper overflow-hidden bg-dark\">\n\t\t\t\t\t\t\t\t\t\t\t<!-- Show member badge if 'members_access_role' object exsists -->\n\t\t\t\t\t\t\t\t\t\t\t\t\t\t\t\t\t\t\t\t\t\t\t\t\t\t\t\t\t\t\t\t\t\t<img decoding=\"async\" width=\"2560\" height=\"1708\" data-src=\"https:\/\/youngacademy.dk\/wp-content\/uploads\/sites\/5\/2025\/06\/1-scaled-e1758720246298.jpg\" class=\"aspect-ratio-3-2 lazyload\" alt=\"Vinder af \u00c5rets Forskningsmilj\u00f8 2025: Forskningsgruppen The Calcium (Ca2+) Signalling Group\" data-srcset=\"https:\/\/youngacademy.dk\/wp-content\/uploads\/sites\/5\/2025\/06\/1-scaled-e1758720246298.jpg 2560w, https:\/\/youngacademy.dk\/wp-content\/uploads\/sites\/5\/2025\/06\/1-scaled-e1758720246298-300x200.jpg 300w, https:\/\/youngacademy.dk\/wp-content\/uploads\/sites\/5\/2025\/06\/1-scaled-e1758720246298-1024x683.jpg 1024w, https:\/\/youngacademy.dk\/wp-content\/uploads\/sites\/5\/2025\/06\/1-scaled-e1758720246298-768x512.jpg 768w, https:\/\/youngacademy.dk\/wp-content\/uploads\/sites\/5\/2025\/06\/1-scaled-e1758720246298-1536x1025.jpg 1536w, https:\/\/youngacademy.dk\/wp-content\/uploads\/sites\/5\/2025\/06\/1-scaled-e1758720246298-2048x1366.jpg 2048w\" data-sizes=\"(max-width: 2560px) 100vw, 2560px\" src=\"data:image\/svg+xml;base64,PHN2ZyB3aWR0aD0iMSIgaGVpZ2h0PSIxIiB4bWxucz0iaHR0cDovL3d3dy53My5vcmcvMjAwMC9zdmciPjwvc3ZnPg==\" style=\"--smush-placeholder-width: 2560px; --smush-placeholder-aspect-ratio: 2560\/1708;\" \/>\t\t\t\t\t\t\t\t\t\t\t\t\t\t\t\t\t\t\t\t\t<\/div>\n\t\t\t\t\t\t\t\t\t\t<div class=\"d-flex flex-column gap-3 justify-content-between\">\n\t\t\t\t\t\t\t\t\t\t\t<h5 class=\"d-flex gap-3\">13.06.25<\/h5>\n\t\t\t\t\t\t\t\t\t\t\t<h3 class=\"mb-0\">Vinder af \u00c5rets Forskningsmilj\u00f8 2025: Forskningsgruppen The Calcium (Ca2+) Signalling Group<\/h3>\n\t\t\t\t\t\t\t\t\t\t\t<span>Forskningsmilj\u00f8prisen<\/span>\n\t\t\t\t\t\t\t\t\t\t\t<div>\n\t\t\t\t\t\t\t\t\t\t\t\t<div class=\"d-inline-flex btn btn-arrow p-0 btn-lg\"> <i class=\"arrow-left\"><\/i><\/div>\n\t\t\t\t\t\t\t\t\t\t\t<\/div>\n\t\t\t\t\t\t\t\t\t\t<\/div>\n\t\t\t\t\t\t\t\t\t<\/div>\n\t\t\t\t\t\t\t\t<\/a>\n\t\t\t\t\t\t\t\t\t\t\t\t\t\t\t<a class=\"swiper-slide\" href=\"https:\/\/youngacademy.dk\/da\/research-environment-prize-2025\/\" alt=\"Se arrangement\">\n\t\t\t\t\t\t\t\t\t<div class=\"flex-column d-flex row-gap-4\">\n\t\t\t\t\t\t\t\t\t\t<div class=\"content-image-wrapper overflow-hidden bg-dark\">\n\t\t\t\t\t\t\t\t\t\t\t<!-- Show member badge if 'members_access_role' object exsists -->\n\t\t\t\t\t\t\t\t\t\t\t\t\t\t\t\t\t\t\t\t\t\t\t\t\t\t\t\t\t\t\t\t\t\t<img decoding=\"async\" width=\"1500\" height=\"1000\" data-src=\"https:\/\/youngacademy.dk\/wp-content\/uploads\/sites\/5\/2025\/01\/forskmilpris25-2.png\" class=\"aspect-ratio-3-2 lazyload\" alt=\"Research Environment Prize 2025\" data-srcset=\"https:\/\/youngacademy.dk\/wp-content\/uploads\/sites\/5\/2025\/01\/forskmilpris25-2.png 1500w, https:\/\/youngacademy.dk\/wp-content\/uploads\/sites\/5\/2025\/01\/forskmilpris25-2-300x200.png 300w, https:\/\/youngacademy.dk\/wp-content\/uploads\/sites\/5\/2025\/01\/forskmilpris25-2-1024x683.png 1024w, https:\/\/youngacademy.dk\/wp-content\/uploads\/sites\/5\/2025\/01\/forskmilpris25-2-768x512.png 768w\" data-sizes=\"(max-width: 1500px) 100vw, 1500px\" src=\"data:image\/svg+xml;base64,PHN2ZyB3aWR0aD0iMSIgaGVpZ2h0PSIxIiB4bWxucz0iaHR0cDovL3d3dy53My5vcmcvMjAwMC9zdmciPjwvc3ZnPg==\" style=\"--smush-placeholder-width: 1500px; --smush-placeholder-aspect-ratio: 1500\/1000;\" \/>\t\t\t\t\t\t\t\t\t\t\t\t\t\t\t\t\t\t\t\t\t<\/div>\n\t\t\t\t\t\t\t\t\t\t<div class=\"d-flex flex-column gap-3 justify-content-between\">\n\t\t\t\t\t\t\t\t\t\t\t<h5 class=\"d-flex gap-3\">15.01.25<\/h5>\n\t\t\t\t\t\t\t\t\t\t\t<h3 class=\"mb-0\">Research Environment Prize 2025<\/h3>\n\t\t\t\t\t\t\t\t\t\t\t<span>Forskningsmilj\u00f8prisen<\/span>\n\t\t\t\t\t\t\t\t\t\t\t<div>\n\t\t\t\t\t\t\t\t\t\t\t\t<div class=\"d-inline-flex btn btn-arrow p-0 btn-lg\"> <i class=\"arrow-left\"><\/i><\/div>\n\t\t\t\t\t\t\t\t\t\t\t<\/div>\n\t\t\t\t\t\t\t\t\t\t<\/div>\n\t\t\t\t\t\t\t\t\t<\/div>\n\t\t\t\t\t\t\t\t<\/a>\n\t\t\t\t\t\t\t\t\t\t\t\t\t\t\t<a class=\"swiper-slide\" href=\"https:\/\/youngacademy.dk\/da\/aarets-forskningsmiljoe-2024-i-podcast\/\" alt=\"Se arrangement\">\n\t\t\t\t\t\t\t\t\t<div class=\"flex-column d-flex row-gap-4\">\n\t\t\t\t\t\t\t\t\t\t<div class=\"content-image-wrapper overflow-hidden bg-dark\">\n\t\t\t\t\t\t\t\t\t\t\t<!-- Show member badge if 'members_access_role' object exsists -->\n\t\t\t\t\t\t\t\t\t\t\t\t\t\t\t\t\t\t\t\t\t\t\t\t\t\t\t\t\t\t\t\t\t\t<img decoding=\"async\" width=\"800\" height=\"533\" src=\"https:\/\/youngacademy.dk\/wp-content\/uploads\/sites\/5\/2025\/01\/2punyzfd0nqu4icrgiko6wnb-e1741688625679.avif\" class=\"aspect-ratio-3-2\" alt=\"\u00c5rets Forskningsmilj\u00f8 2024 i podcast\" srcset=\"https:\/\/youngacademy.dk\/wp-content\/uploads\/sites\/5\/2025\/01\/2punyzfd0nqu4icrgiko6wnb-e1741688625679.avif 800w, https:\/\/youngacademy.dk\/wp-content\/uploads\/sites\/5\/2025\/01\/2punyzfd0nqu4icrgiko6wnb-e1741688625679-300x200.avif 300w, https:\/\/youngacademy.dk\/wp-content\/uploads\/sites\/5\/2025\/01\/2punyzfd0nqu4icrgiko6wnb-e1741688625679-768x512.avif 768w\" sizes=\"(max-width: 800px) 100vw, 800px\" \/>\t\t\t\t\t\t\t\t\t\t\t\t\t\t\t\t\t\t\t\t\t<\/div>\n\t\t\t\t\t\t\t\t\t\t<div class=\"d-flex flex-column gap-3 justify-content-between\">\n\t\t\t\t\t\t\t\t\t\t\t<h5 class=\"d-flex gap-3\">14.01.25<\/h5>\n\t\t\t\t\t\t\t\t\t\t\t<h3 class=\"mb-0\">\u00c5rets Forskningsmilj\u00f8 2024 i podcast<\/h3>\n\t\t\t\t\t\t\t\t\t\t\t<span>Forskningsmilj\u00f8prisen<\/span>\n\t\t\t\t\t\t\t\t\t\t\t<div>\n\t\t\t\t\t\t\t\t\t\t\t\t<div class=\"d-inline-flex btn btn-arrow p-0 btn-lg\"> <i class=\"arrow-left\"><\/i><\/div>\n\t\t\t\t\t\t\t\t\t\t\t<\/div>\n\t\t\t\t\t\t\t\t\t\t<\/div>\n\t\t\t\t\t\t\t\t\t<\/div>\n\t\t\t\t\t\t\t\t<\/a>\n\t\t\t\t\t\t\t\t\t\t\t\t\t\t\t<a class=\"swiper-slide\" href=\"https:\/\/youngacademy.dk\/da\/vinder-af-aarets-forskningsmiljoe-2024\/\" alt=\"Se arrangement\">\n\t\t\t\t\t\t\t\t\t<div class=\"flex-column d-flex row-gap-4\">\n\t\t\t\t\t\t\t\t\t\t<div class=\"content-image-wrapper overflow-hidden bg-dark\">\n\t\t\t\t\t\t\t\t\t\t\t<!-- Show member badge if 'members_access_role' object exsists -->\n\t\t\t\t\t\t\t\t\t\t\t\t\t\t\t\t\t\t\t\t\t\t\t\t\t\t\t\t\t\t\t\t\t\t<img decoding=\"async\" width=\"2560\" height=\"1707\" data-src=\"https:\/\/youngacademy.dk\/wp-content\/uploads\/sites\/5\/2024\/06\/vindere-4-scaled-e1741689387738.jpeg\" class=\"aspect-ratio-3-2 lazyload\" alt=\"\u00c5rets Forskningsmilj\u00f8 2024\" data-srcset=\"https:\/\/youngacademy.dk\/wp-content\/uploads\/sites\/5\/2024\/06\/vindere-4-scaled-e1741689387738.jpeg 2560w, https:\/\/youngacademy.dk\/wp-content\/uploads\/sites\/5\/2024\/06\/vindere-4-scaled-e1741689387738-300x200.jpeg 300w, https:\/\/youngacademy.dk\/wp-content\/uploads\/sites\/5\/2024\/06\/vindere-4-scaled-e1741689387738-1024x683.jpeg 1024w, https:\/\/youngacademy.dk\/wp-content\/uploads\/sites\/5\/2024\/06\/vindere-4-scaled-e1741689387738-768x512.jpeg 768w, https:\/\/youngacademy.dk\/wp-content\/uploads\/sites\/5\/2024\/06\/vindere-4-scaled-e1741689387738-1536x1024.jpeg 1536w, https:\/\/youngacademy.dk\/wp-content\/uploads\/sites\/5\/2024\/06\/vindere-4-scaled-e1741689387738-2048x1366.jpeg 2048w\" data-sizes=\"(max-width: 2560px) 100vw, 2560px\" src=\"data:image\/svg+xml;base64,PHN2ZyB3aWR0aD0iMSIgaGVpZ2h0PSIxIiB4bWxucz0iaHR0cDovL3d3dy53My5vcmcvMjAwMC9zdmciPjwvc3ZnPg==\" style=\"--smush-placeholder-width: 2560px; --smush-placeholder-aspect-ratio: 2560\/1707;\" \/>\t\t\t\t\t\t\t\t\t\t\t\t\t\t\t\t\t\t\t\t\t<\/div>\n\t\t\t\t\t\t\t\t\t\t<div class=\"d-flex flex-column gap-3 justify-content-between\">\n\t\t\t\t\t\t\t\t\t\t\t<h5 class=\"d-flex gap-3\">17.06.24<\/h5>\n\t\t\t\t\t\t\t\t\t\t\t<h3 class=\"mb-0\">\u00c5rets Forskningsmilj\u00f8 2024<\/h3>\n\t\t\t\t\t\t\t\t\t\t\t<span>Forskningsmilj\u00f8prisen<\/span>\n\t\t\t\t\t\t\t\t\t\t\t<div>\n\t\t\t\t\t\t\t\t\t\t\t\t<div class=\"d-inline-flex btn btn-arrow p-0 btn-lg\"> <i class=\"arrow-left\"><\/i><\/div>\n\t\t\t\t\t\t\t\t\t\t\t<\/div>\n\t\t\t\t\t\t\t\t\t\t<\/div>\n\t\t\t\t\t\t\t\t\t<\/div>\n\t\t\t\t\t\t\t\t<\/a>\n\t\t\t\t\t\t\t\t\t\t\t\t\t\t\t<a class=\"swiper-slide\" href=\"https:\/\/youngacademy.dk\/da\/arets-forskningsmiljo-2024-v2\/\" alt=\"Se arrangement\">\n\t\t\t\t\t\t\t\t\t<div class=\"flex-column d-flex row-gap-4\">\n\t\t\t\t\t\t\t\t\t\t<div class=\"content-image-wrapper overflow-hidden bg-dark\">\n\t\t\t\t\t\t\t\t\t\t\t<!-- Show member badge if 'members_access_role' object exsists -->\n\t\t\t\t\t\t\t\t\t\t\t\t\t\t\t\t\t\t\t\t\t\t\t\t\t\t\t\t\t\t\t\t\t\t<img decoding=\"async\" width=\"438\" height=\"437\" data-src=\"https:\/\/youngacademy.dk\/wp-content\/uploads\/sites\/5\/2023\/10\/dua_rgb_blaa_logo-til-krus-e1696854523236.png\" class=\"aspect-ratio-3-2 lazyload\" alt=\"Research Environment 2024\" data-srcset=\"https:\/\/youngacademy.dk\/wp-content\/uploads\/sites\/5\/2023\/10\/dua_rgb_blaa_logo-til-krus-e1696854523236.png 438w, https:\/\/youngacademy.dk\/wp-content\/uploads\/sites\/5\/2023\/10\/dua_rgb_blaa_logo-til-krus-e1696854523236-300x300.png 300w, https:\/\/youngacademy.dk\/wp-content\/uploads\/sites\/5\/2023\/10\/dua_rgb_blaa_logo-til-krus-e1696854523236-150x150.png 150w, https:\/\/youngacademy.dk\/wp-content\/uploads\/sites\/5\/2023\/10\/dua_rgb_blaa_logo-til-krus-e1696854523236-211x211.png 211w\" data-sizes=\"(max-width: 438px) 100vw, 438px\" src=\"data:image\/svg+xml;base64,PHN2ZyB3aWR0aD0iMSIgaGVpZ2h0PSIxIiB4bWxucz0iaHR0cDovL3d3dy53My5vcmcvMjAwMC9zdmciPjwvc3ZnPg==\" style=\"--smush-placeholder-width: 438px; --smush-placeholder-aspect-ratio: 438\/437;\" \/>\t\t\t\t\t\t\t\t\t\t\t\t\t\t\t\t\t\t\t\t\t<\/div>\n\t\t\t\t\t\t\t\t\t\t<div class=\"d-flex flex-column gap-3 justify-content-between\">\n\t\t\t\t\t\t\t\t\t\t\t<h5 class=\"d-flex gap-3\">30.01.24<\/h5>\n\t\t\t\t\t\t\t\t\t\t\t<h3 class=\"mb-0\">Research Environment 2024<\/h3>\n\t\t\t\t\t\t\t\t\t\t\t<span>Forskningsmilj\u00f8prisen<\/span>\n\t\t\t\t\t\t\t\t\t\t\t<div>\n\t\t\t\t\t\t\t\t\t\t\t\t<div class=\"d-inline-flex btn btn-arrow p-0 btn-lg\"> <i class=\"arrow-left\"><\/i><\/div>\n\t\t\t\t\t\t\t\t\t\t\t<\/div>\n\t\t\t\t\t\t\t\t\t\t<\/div>\n\t\t\t\t\t\t\t\t\t<\/div>\n\t\t\t\t\t\t\t\t<\/a>\n\t\t\t\t\t\t\t\t\t\t\t\t\t\t\t<a class=\"swiper-slide\" href=\"https:\/\/youngacademy.dk\/da\/aarets-forskningsmiljoe-2024\/\" alt=\"Se arrangement\">\n\t\t\t\t\t\t\t\t\t<div class=\"flex-column d-flex row-gap-4\">\n\t\t\t\t\t\t\t\t\t\t<div class=\"content-image-wrapper overflow-hidden bg-dark\">\n\t\t\t\t\t\t\t\t\t\t\t<!-- Show member badge if 'members_access_role' object exsists -->\n\t\t\t\t\t\t\t\t\t\t\t\t\t\t\t\t\t\t\t\t\t\t\t\t\t\t\t\t\t\t\t\t\t\t<img decoding=\"async\" width=\"438\" height=\"437\" data-src=\"https:\/\/youngacademy.dk\/wp-content\/uploads\/sites\/5\/2023\/10\/dua_rgb_blaa_logo-til-krus-e1696854523236.png\" class=\"aspect-ratio-3-2 lazyload\" alt=\"\u00c5rets Forskningsmilj\u00f8 2024\" data-srcset=\"https:\/\/youngacademy.dk\/wp-content\/uploads\/sites\/5\/2023\/10\/dua_rgb_blaa_logo-til-krus-e1696854523236.png 438w, https:\/\/youngacademy.dk\/wp-content\/uploads\/sites\/5\/2023\/10\/dua_rgb_blaa_logo-til-krus-e1696854523236-300x300.png 300w, https:\/\/youngacademy.dk\/wp-content\/uploads\/sites\/5\/2023\/10\/dua_rgb_blaa_logo-til-krus-e1696854523236-150x150.png 150w, https:\/\/youngacademy.dk\/wp-content\/uploads\/sites\/5\/2023\/10\/dua_rgb_blaa_logo-til-krus-e1696854523236-211x211.png 211w\" data-sizes=\"(max-width: 438px) 100vw, 438px\" src=\"data:image\/svg+xml;base64,PHN2ZyB3aWR0aD0iMSIgaGVpZ2h0PSIxIiB4bWxucz0iaHR0cDovL3d3dy53My5vcmcvMjAwMC9zdmciPjwvc3ZnPg==\" style=\"--smush-placeholder-width: 438px; --smush-placeholder-aspect-ratio: 438\/437;\" \/>\t\t\t\t\t\t\t\t\t\t\t\t\t\t\t\t\t\t\t\t\t<\/div>\n\t\t\t\t\t\t\t\t\t\t<div class=\"d-flex flex-column gap-3 justify-content-between\">\n\t\t\t\t\t\t\t\t\t\t\t<h5 class=\"d-flex gap-3\">25.01.24<\/h5>\n\t\t\t\t\t\t\t\t\t\t\t<h3 class=\"mb-0\">\u00c5rets Forskningsmilj\u00f8 2024<\/h3>\n\t\t\t\t\t\t\t\t\t\t\t<span>Forskningsmilj\u00f8prisen<\/span>\n\t\t\t\t\t\t\t\t\t\t\t<div>\n\t\t\t\t\t\t\t\t\t\t\t\t<div class=\"d-inline-flex btn btn-arrow p-0 btn-lg\"> <i class=\"arrow-left\"><\/i><\/div>\n\t\t\t\t\t\t\t\t\t\t\t<\/div>\n\t\t\t\t\t\t\t\t\t\t<\/div>\n\t\t\t\t\t\t\t\t\t<\/div>\n\t\t\t\t\t\t\t\t<\/a>\n\t\t\t\t\t\t\t\t\t\t\t\t\t\t\t<a class=\"swiper-slide\" href=\"https:\/\/youngacademy.dk\/da\/forskningsgruppen-social-complexity-lab-fra-dtu-vinder-aarets-forskningsmiljoepris-i-2023\/\" alt=\"Se arrangement\">\n\t\t\t\t\t\t\t\t\t<div class=\"flex-column d-flex row-gap-4\">\n\t\t\t\t\t\t\t\t\t\t<div class=\"content-image-wrapper overflow-hidden bg-dark\">\n\t\t\t\t\t\t\t\t\t\t\t<!-- Show member badge if 'members_access_role' object exsists -->\n\t\t\t\t\t\t\t\t\t\t\t\t\t\t\t\t\t\t\t\t\t\t\t\t\t\t\t\t\t\t\t\t\t\t<img decoding=\"async\" width=\"600\" height=\"400\" data-src=\"https:\/\/youngacademy.dk\/wp-content\/uploads\/sites\/5\/2023\/10\/billede-af-vindere-16-9-e1741795611144.jpg\" class=\"aspect-ratio-3-2 lazyload\" alt=\"Vinder af \u00c5rets Forskningsmilj\u00f8 2023: Forskningsgruppen Social Complexity Lab fra DTU\" data-srcset=\"https:\/\/youngacademy.dk\/wp-content\/uploads\/sites\/5\/2023\/10\/billede-af-vindere-16-9-e1741795611144.jpg 600w, https:\/\/youngacademy.dk\/wp-content\/uploads\/sites\/5\/2023\/10\/billede-af-vindere-16-9-e1741795611144-300x200.jpg 300w\" data-sizes=\"(max-width: 600px) 100vw, 600px\" src=\"data:image\/svg+xml;base64,PHN2ZyB3aWR0aD0iMSIgaGVpZ2h0PSIxIiB4bWxucz0iaHR0cDovL3d3dy53My5vcmcvMjAwMC9zdmciPjwvc3ZnPg==\" style=\"--smush-placeholder-width: 600px; --smush-placeholder-aspect-ratio: 600\/400;\" \/>\t\t\t\t\t\t\t\t\t\t\t\t\t\t\t\t\t\t\t\t\t<\/div>\n\t\t\t\t\t\t\t\t\t\t<div class=\"d-flex flex-column gap-3 justify-content-between\">\n\t\t\t\t\t\t\t\t\t\t\t<h5 class=\"d-flex gap-3\">07.06.23<\/h5>\n\t\t\t\t\t\t\t\t\t\t\t<h3 class=\"mb-0\">Vinder af \u00c5rets Forskningsmilj\u00f8 2023: Forskningsgruppen Social Complexity Lab fra DTU<\/h3>\n\t\t\t\t\t\t\t\t\t\t\t<span>Forskningsmilj\u00f8prisen<\/span>\n\t\t\t\t\t\t\t\t\t\t\t<div>\n\t\t\t\t\t\t\t\t\t\t\t\t<div class=\"d-inline-flex btn btn-arrow p-0 btn-lg\"> <i class=\"arrow-left\"><\/i><\/div>\n\t\t\t\t\t\t\t\t\t\t\t<\/div>\n\t\t\t\t\t\t\t\t\t\t<\/div>\n\t\t\t\t\t\t\t\t\t<\/div>\n\t\t\t\t\t\t\t\t<\/a>\n\t\t\t\t\t\t\t\t\t\t\t\t\t<\/div>\n\t\t\t\t\t\t\n\n\t\t\t\t\t<\/div>\n\n\t\t\t\t<\/div>\n\t\t\t<\/div>\n\t\t<\/div>\n\t<\/section>\n","protected":false},"excerpt":{"rendered":"","protected":false},"author":13,"featured_media":0,"parent":0,"menu_order":1,"comment_status":"closed","ping_status":"closed","template":"","meta":{"_acf_changed":false,"footnotes":""},"class_list":["post-1076","page","type-page","status-publish","hentry"],"acf":[],"yoast_head":"<!-- This site is optimized with the Yoast SEO plugin v27.0 - https:\/\/yoast.com\/product\/yoast-seo-wordpress\/ -->\n<title>Forskningsmilj\u00f8prisen - DET UNGE AKADEMI<\/title>\n<meta name=\"robots\" content=\"index, follow, max-snippet:-1, max-image-preview:large, max-video-preview:-1\" \/>\n<link rel=\"canonical\" href=\"https:\/\/youngacademy.dk\/da\/forskningsmiljoprisen\/\" \/>\n<meta property=\"og:locale\" content=\"da_DK\" \/>\n<meta property=\"og:type\" content=\"article\" \/>\n<meta property=\"og:title\" content=\"Forskningsmilj\u00f8prisen - DET UNGE AKADEMI\" \/>\n<meta property=\"og:url\" content=\"https:\/\/youngacademy.dk\/da\/forskningsmiljoprisen\/\" \/>\n<meta property=\"og:site_name\" content=\"DET UNGE AKADEMI\" \/>\n<meta property=\"article:modified_time\" content=\"2025-01-14T14:44:40+00:00\" \/>\n<meta name=\"twitter:card\" content=\"summary_large_image\" \/>\n<script type=\"application\/ld+json\" class=\"yoast-schema-graph\">{\"@context\":\"https:\/\/schema.org\",\"@graph\":[{\"@type\":\"WebPage\",\"@id\":\"https:\/\/youngacademy.dk\/da\/forskningsmiljoprisen\/\",\"url\":\"https:\/\/youngacademy.dk\/da\/forskningsmiljoprisen\/\",\"name\":\"Forskningsmilj\u00f8prisen - DET UNGE AKADEMI\",\"isPartOf\":{\"@id\":\"https:\/\/youngacademy.dk\/da\/#website\"},\"datePublished\":\"2023-10-09T19:58:57+00:00\",\"dateModified\":\"2025-01-14T14:44:40+00:00\",\"breadcrumb\":{\"@id\":\"https:\/\/youngacademy.dk\/da\/forskningsmiljoprisen\/#breadcrumb\"},\"inLanguage\":\"da-DK\",\"potentialAction\":[{\"@type\":\"ReadAction\",\"target\":[\"https:\/\/youngacademy.dk\/da\/forskningsmiljoprisen\/\"]}]},{\"@type\":\"BreadcrumbList\",\"@id\":\"https:\/\/youngacademy.dk\/da\/forskningsmiljoprisen\/#breadcrumb\",\"itemListElement\":[{\"@type\":\"ListItem\",\"position\":1,\"name\":\"Hjem\",\"item\":\"https:\/\/youngacademy.dk\/da\/\"},{\"@type\":\"ListItem\",\"position\":2,\"name\":\"Forskningsmilj\u00f8prisen\"}]},{\"@type\":\"WebSite\",\"@id\":\"https:\/\/youngacademy.dk\/da\/#website\",\"url\":\"https:\/\/youngacademy.dk\/da\/\",\"name\":\"DET UNGE AKADEMI\",\"description\":\"\",\"publisher\":{\"@id\":\"https:\/\/youngacademy.dk\/da\/#organization\"},\"potentialAction\":[{\"@type\":\"SearchAction\",\"target\":{\"@type\":\"EntryPoint\",\"urlTemplate\":\"https:\/\/youngacademy.dk\/da\/?s={search_term_string}\"},\"query-input\":{\"@type\":\"PropertyValueSpecification\",\"valueRequired\":true,\"valueName\":\"search_term_string\"}}],\"inLanguage\":\"da-DK\"},{\"@type\":\"Organization\",\"@id\":\"https:\/\/youngacademy.dk\/da\/#organization\",\"name\":\"DET UNGE AKADEMI\",\"url\":\"https:\/\/youngacademy.dk\/da\/\",\"logo\":{\"@type\":\"ImageObject\",\"inLanguage\":\"da-DK\",\"@id\":\"https:\/\/youngacademy.dk\/da\/#\/schema\/logo\/image\/\",\"url\":\"https:\/\/youngacademy.dk\/wp-content\/uploads\/sites\/5\/2023\/05\/ya-favicon.svg\",\"contentUrl\":\"https:\/\/youngacademy.dk\/wp-content\/uploads\/sites\/5\/2023\/05\/ya-favicon.svg\",\"width\":179,\"height\":179,\"caption\":\"DET UNGE AKADEMI\"},\"image\":{\"@id\":\"https:\/\/youngacademy.dk\/da\/#\/schema\/logo\/image\/\"}}]}<\/script>\n<!-- \/ Yoast SEO plugin. -->","yoast_head_json":{"title":"Forskningsmilj\u00f8prisen - DET UNGE AKADEMI","robots":{"index":"index","follow":"follow","max-snippet":"max-snippet:-1","max-image-preview":"max-image-preview:large","max-video-preview":"max-video-preview:-1"},"canonical":"https:\/\/youngacademy.dk\/da\/forskningsmiljoprisen\/","og_locale":"da_DK","og_type":"article","og_title":"Forskningsmilj\u00f8prisen - DET UNGE AKADEMI","og_url":"https:\/\/youngacademy.dk\/da\/forskningsmiljoprisen\/","og_site_name":"DET UNGE AKADEMI","article_modified_time":"2025-01-14T14:44:40+00:00","twitter_card":"summary_large_image","schema":{"@context":"https:\/\/schema.org","@graph":[{"@type":"WebPage","@id":"https:\/\/youngacademy.dk\/da\/forskningsmiljoprisen\/","url":"https:\/\/youngacademy.dk\/da\/forskningsmiljoprisen\/","name":"Forskningsmilj\u00f8prisen - DET UNGE AKADEMI","isPartOf":{"@id":"https:\/\/youngacademy.dk\/da\/#website"},"datePublished":"2023-10-09T19:58:57+00:00","dateModified":"2025-01-14T14:44:40+00:00","breadcrumb":{"@id":"https:\/\/youngacademy.dk\/da\/forskningsmiljoprisen\/#breadcrumb"},"inLanguage":"da-DK","potentialAction":[{"@type":"ReadAction","target":["https:\/\/youngacademy.dk\/da\/forskningsmiljoprisen\/"]}]},{"@type":"BreadcrumbList","@id":"https:\/\/youngacademy.dk\/da\/forskningsmiljoprisen\/#breadcrumb","itemListElement":[{"@type":"ListItem","position":1,"name":"Hjem","item":"https:\/\/youngacademy.dk\/da\/"},{"@type":"ListItem","position":2,"name":"Forskningsmilj\u00f8prisen"}]},{"@type":"WebSite","@id":"https:\/\/youngacademy.dk\/da\/#website","url":"https:\/\/youngacademy.dk\/da\/","name":"DET UNGE AKADEMI","description":"","publisher":{"@id":"https:\/\/youngacademy.dk\/da\/#organization"},"potentialAction":[{"@type":"SearchAction","target":{"@type":"EntryPoint","urlTemplate":"https:\/\/youngacademy.dk\/da\/?s={search_term_string}"},"query-input":{"@type":"PropertyValueSpecification","valueRequired":true,"valueName":"search_term_string"}}],"inLanguage":"da-DK"},{"@type":"Organization","@id":"https:\/\/youngacademy.dk\/da\/#organization","name":"DET UNGE AKADEMI","url":"https:\/\/youngacademy.dk\/da\/","logo":{"@type":"ImageObject","inLanguage":"da-DK","@id":"https:\/\/youngacademy.dk\/da\/#\/schema\/logo\/image\/","url":"https:\/\/youngacademy.dk\/wp-content\/uploads\/sites\/5\/2023\/05\/ya-favicon.svg","contentUrl":"https:\/\/youngacademy.dk\/wp-content\/uploads\/sites\/5\/2023\/05\/ya-favicon.svg","width":179,"height":179,"caption":"DET UNGE AKADEMI"},"image":{"@id":"https:\/\/youngacademy.dk\/da\/#\/schema\/logo\/image\/"}}]}},"_links":{"self":[{"href":"https:\/\/youngacademy.dk\/da\/wp-json\/wp\/v2\/pages\/1076","targetHints":{"allow":["GET"]}}],"collection":[{"href":"https:\/\/youngacademy.dk\/da\/wp-json\/wp\/v2\/pages"}],"about":[{"href":"https:\/\/youngacademy.dk\/da\/wp-json\/wp\/v2\/types\/page"}],"author":[{"embeddable":true,"href":"https:\/\/youngacademy.dk\/da\/wp-json\/wp\/v2\/users\/13"}],"replies":[{"embeddable":true,"href":"https:\/\/youngacademy.dk\/da\/wp-json\/wp\/v2\/comments?post=1076"}],"version-history":[{"count":53,"href":"https:\/\/youngacademy.dk\/da\/wp-json\/wp\/v2\/pages\/1076\/revisions"}],"predecessor-version":[{"id":4878,"href":"https:\/\/youngacademy.dk\/da\/wp-json\/wp\/v2\/pages\/1076\/revisions\/4878"}],"wp:attachment":[{"href":"https:\/\/youngacademy.dk\/da\/wp-json\/wp\/v2\/media?parent=1076"}],"curies":[{"name":"wp","href":"https:\/\/api.w.org\/{rel}","templated":true}]}}