{"id":1422,"date":"2023-10-10T14:32:45","date_gmt":"2023-10-10T12:32:45","guid":{"rendered":"https:\/\/young-academy.stage.royalacademy.twentyfour.dev\/?page_id=1422"},"modified":"2025-09-18T14:42:12","modified_gmt":"2025-09-18T12:42:12","slug":"udvalg","status":"publish","type":"page","link":"https:\/\/youngacademy.dk\/da\/udvalg\/","title":{"rendered":"Udvalg"},"content":{"rendered":"<section class=\"block-two-column-text  block bg-light\">\n    <div class=\"custom-container\">\n        <div class=\"row justify-content-end\">\n            <div class=\"col-12 col-xl-11\">\n                <div class=\"row align-items-center column-gap-5 row-gap-5 d-flex flex-column flex-lg-row justify-content-between two-column-text-image\">\n\n                    <div class=\"col d-none d-lg-flex flex-column order-lg-1\">\n            <img decoding=\"async\" width=\"1772\" height=\"1181\" data-src=\"https:\/\/youngacademy.dk\/wp-content\/uploads\/sites\/5\/2025\/09\/dua_formidling_2025.jpg\" class=\"background-cover lazyload\" alt=\"\" data-srcset=\"https:\/\/youngacademy.dk\/wp-content\/uploads\/sites\/5\/2025\/09\/dua_formidling_2025.jpg 1772w, https:\/\/youngacademy.dk\/wp-content\/uploads\/sites\/5\/2025\/09\/dua_formidling_2025-300x200.jpg 300w, https:\/\/youngacademy.dk\/wp-content\/uploads\/sites\/5\/2025\/09\/dua_formidling_2025-1024x682.jpg 1024w, https:\/\/youngacademy.dk\/wp-content\/uploads\/sites\/5\/2025\/09\/dua_formidling_2025-768x512.jpg 768w, https:\/\/youngacademy.dk\/wp-content\/uploads\/sites\/5\/2025\/09\/dua_formidling_2025-1536x1024.jpg 1536w\" data-sizes=\"(max-width: 1772px) 100vw, 1772px\" src=\"data:image\/svg+xml;base64,PHN2ZyB3aWR0aD0iMSIgaGVpZ2h0PSIxIiB4bWxucz0iaHR0cDovL3d3dy53My5vcmcvMjAwMC9zdmciPjwvc3ZnPg==\" style=\"--smush-placeholder-width: 1772px; --smush-placeholder-aspect-ratio: 1772\/1181;\" \/>                    <p class=\"caption\">Foto: Det Unge Akademi\/Lars Svankj\u00e6r<\/p>\n            <\/div>\n\n                                            <div class=\"col-lg-5 d-flex flex-column row-gap-4 content-column\">\n\t\t\t\t\t\t\t                            <h2>Formidlingsudvalget<\/h2>\n\n                                <img decoding=\"async\" width=\"1772\" height=\"1181\" data-src=\"https:\/\/youngacademy.dk\/wp-content\/uploads\/sites\/5\/2025\/09\/dua_formidling_2025.jpg\" class=\"d-block d-lg-none background-cover lazyload\" alt=\"\" data-srcset=\"https:\/\/youngacademy.dk\/wp-content\/uploads\/sites\/5\/2025\/09\/dua_formidling_2025.jpg 1772w, https:\/\/youngacademy.dk\/wp-content\/uploads\/sites\/5\/2025\/09\/dua_formidling_2025-300x200.jpg 300w, https:\/\/youngacademy.dk\/wp-content\/uploads\/sites\/5\/2025\/09\/dua_formidling_2025-1024x682.jpg 1024w, https:\/\/youngacademy.dk\/wp-content\/uploads\/sites\/5\/2025\/09\/dua_formidling_2025-768x512.jpg 768w, https:\/\/youngacademy.dk\/wp-content\/uploads\/sites\/5\/2025\/09\/dua_formidling_2025-1536x1024.jpg 1536w\" data-sizes=\"(max-width: 1772px) 100vw, 1772px\" src=\"data:image\/svg+xml;base64,PHN2ZyB3aWR0aD0iMSIgaGVpZ2h0PSIxIiB4bWxucz0iaHR0cDovL3d3dy53My5vcmcvMjAwMC9zdmciPjwvc3ZnPg==\" style=\"--smush-placeholder-width: 1772px; --smush-placeholder-aspect-ratio: 1772\/1181;\" \/>                                                            <div class=\"\">\n                                    <p>Formidlingsudvalget arbejder med formidlingstiltag i forhold til offentligheden p\u00e5 alle niveauer.<\/p>\n<p>Det er vores intention at formidle forskning \u2013 herunder vores egen forskning \u2013 til alle samfundslag og at sprede interessen for forskning ud til s\u00e5 mange mennesker som muligt.<\/p>\n<p>Vi ser det som en s\u00e6rlig vigtig opgave at formidle til den yngre generation for at bidrage til at v\u00e6kke interessen for forskningen s\u00e5 tidligt som muligt. \u00a0Det er vores m\u00e5l at f\u00e5 flere eller anderledes personligheder til at v\u00e6lge en forskerkarriere.<\/p>\n<p>Formidlingsudvalget udvikler DUA\u2019s egne formidlingsaktiviteter, men opbygger ogs\u00e5 samarbejder med andre akt\u00f8rer. Intentionen er at formidle b\u00e5de forskningen selv og viden om det at bedrive forskning for i sidste ende at sprede interessen for forskning til s\u00e5 mange mennesker som muligt.<\/p>\n<p>Det er vores h\u00e5b, at vi gennem vores formidling kan fungere som rollemodeller og inspiratorer for nye forskere, herunder ph.d.-studerende.<\/p>\n                                <\/div>\n                                                        <div class=\"d-flex flex-lg-row flex-column gap-4\">\n                                                                    <a href=\"https:\/\/youngacademy.dk\/da\/formidlingsudvalget-2024\/\" target=\"\" class=\"justify-content-between btn-light btn mt-lg-4 btn-primary btn-lg\">UDVALGETS MEDLEMMER <i class=\"arrow-left\"><\/i><\/a>\n                                                                                            <\/div>\n\n                                                            <div class=\"wave-pattern mt-5 mb-5 mb-lg-0\"><\/div>\n                                                    <\/div>\n                                    <\/div>\n            <\/div>\n        <\/div>\n    <\/div>\n<\/section>\n\n\n<section class=\"block-two-column-text  block bg-dark\">\n    <div class=\"custom-container\">\n        <div class=\"row justify-content-end\">\n            <div class=\"col-12 col-xl-11\">\n                <div class=\"row align-items-center column-gap-5 row-gap-5 d-flex flex-column flex-lg-row justify-content-between two-column-text-image\">\n\n                    <div class=\"col d-none d-lg-flex flex-column order-lg-0\">\n            <img decoding=\"async\" width=\"1772\" height=\"1181\" data-src=\"https:\/\/youngacademy.dk\/wp-content\/uploads\/sites\/5\/2025\/09\/dua_fpu_2025.jpg\" class=\"background-cover lazyload\" alt=\"\" data-srcset=\"https:\/\/youngacademy.dk\/wp-content\/uploads\/sites\/5\/2025\/09\/dua_fpu_2025.jpg 1772w, https:\/\/youngacademy.dk\/wp-content\/uploads\/sites\/5\/2025\/09\/dua_fpu_2025-300x200.jpg 300w, https:\/\/youngacademy.dk\/wp-content\/uploads\/sites\/5\/2025\/09\/dua_fpu_2025-1024x682.jpg 1024w, https:\/\/youngacademy.dk\/wp-content\/uploads\/sites\/5\/2025\/09\/dua_fpu_2025-768x512.jpg 768w, https:\/\/youngacademy.dk\/wp-content\/uploads\/sites\/5\/2025\/09\/dua_fpu_2025-1536x1024.jpg 1536w\" data-sizes=\"(max-width: 1772px) 100vw, 1772px\" src=\"data:image\/svg+xml;base64,PHN2ZyB3aWR0aD0iMSIgaGVpZ2h0PSIxIiB4bWxucz0iaHR0cDovL3d3dy53My5vcmcvMjAwMC9zdmciPjwvc3ZnPg==\" style=\"--smush-placeholder-width: 1772px; --smush-placeholder-aspect-ratio: 1772\/1181;\" \/>                    <p class=\"caption\">Foto: Det Unge Akademi\/Lars Svankj\u00e6r<\/p>\n            <\/div>\n\n                                            <div class=\"col-lg-5 d-flex flex-column row-gap-4 content-column\">\n\t\t\t\t\t\t\t                            <h2>Forskningspolitisk Udvalg<\/h2>\n\n                                <img decoding=\"async\" width=\"1772\" height=\"1181\" data-src=\"https:\/\/youngacademy.dk\/wp-content\/uploads\/sites\/5\/2025\/09\/dua_fpu_2025.jpg\" class=\"d-block d-lg-none background-cover lazyload\" alt=\"\" data-srcset=\"https:\/\/youngacademy.dk\/wp-content\/uploads\/sites\/5\/2025\/09\/dua_fpu_2025.jpg 1772w, https:\/\/youngacademy.dk\/wp-content\/uploads\/sites\/5\/2025\/09\/dua_fpu_2025-300x200.jpg 300w, https:\/\/youngacademy.dk\/wp-content\/uploads\/sites\/5\/2025\/09\/dua_fpu_2025-1024x682.jpg 1024w, https:\/\/youngacademy.dk\/wp-content\/uploads\/sites\/5\/2025\/09\/dua_fpu_2025-768x512.jpg 768w, https:\/\/youngacademy.dk\/wp-content\/uploads\/sites\/5\/2025\/09\/dua_fpu_2025-1536x1024.jpg 1536w\" data-sizes=\"(max-width: 1772px) 100vw, 1772px\" src=\"data:image\/svg+xml;base64,PHN2ZyB3aWR0aD0iMSIgaGVpZ2h0PSIxIiB4bWxucz0iaHR0cDovL3d3dy53My5vcmcvMjAwMC9zdmciPjwvc3ZnPg==\" style=\"--smush-placeholder-width: 1772px; --smush-placeholder-aspect-ratio: 1772\/1181;\" \/>                                                            <div class=\"\">\n                                    <p>Det Unge Akademis Forskningspolitiske Udvalg besk\u00e6ftiger sig med de politiske rammer og problemstillinger, som har indflydelse p\u00e5 forskeres virke i Danmark.<\/p>\n<p>Dette inkluderer i s\u00e6rdeleshed en stadig diskussion af de omst\u00e6ndigheder og vilk\u00e5r, som yngre forskere er underlagt p\u00e5 de danske universiteter, herunder blandt andet:<\/p>\n<p>\u2022 Vilk\u00e5r for mellemlaget af adjunkter og yngre lektorer.<br \/>\n\u2022 Offentlige og private forskningsinvesteringer i form af basis- og konkurrenceudsatte midler.<br \/>\n\u2022 Opbygningen af den ph.d.-uddannelse, som i \u00f8jeblikket udg\u00f8r forskeruddannelsen i Danmark.<br \/>\n\u2022 Yngre forskeres karriereveje og mobilitet.<br \/>\n\u2022 Uddannelsespolitiske reformer og prioriteringer.<br \/>\n\u2022 Diversitet og k\u00f8nspolitik.<br \/>\n\u2022 Internationalisering af dansk forskning.<\/p>\n<p>Med baggrund i personlige erfaringer fra akademiets medlemmer \u00f8nsker det Forskningspolitiske Udvalg:<\/p>\n<p>\u2022 At s\u00e6tte fokus p\u00e5 styrker og svagheder i det danske forskningspolitiske system, som kan p\u00e5virke yngre forskers vilk\u00e5r.<br \/>\n\u2022 At videreformidle akademiets erfaringer til beslutningstagere og den bredere offentlighed.<\/p>\n<p>Forskningspolitisk Udvalg s\u00f8ger at realisere dette ved at sparre med forsknings- og uddannelsespolitiske akt\u00f8rer, fonde og organisationer samt at deltage i forskningspolitiske debatter i den skrevne presse og ved udarbejdelsen af rapporter.<\/p>\n                                <\/div>\n                                                        <div class=\"d-flex flex-lg-row flex-column gap-4\">\n                                                                    <a href=\"https:\/\/youngacademy.dk\/da\/forskningspolitisk-udvalg-2024\/\" target=\"\" class=\"justify-content-between btn-light btn mt-lg-4 btn-primary btn-lg\">UDVALGETS MEDLEMMER <i class=\"arrow-left\"><\/i><\/a>\n                                                                                            <\/div>\n\n                                                            <div class=\"wave-pattern mt-5 mb-5 mb-lg-0\"><\/div>\n                                                    <\/div>\n                                    <\/div>\n            <\/div>\n        <\/div>\n    <\/div>\n<\/section>\n\n\n<section class=\"block-two-column-text  block bg-light\">\n    <div class=\"custom-container\">\n        <div class=\"row justify-content-end\">\n            <div class=\"col-12 col-xl-11\">\n                <div class=\"row align-items-center column-gap-5 row-gap-5 d-flex flex-column flex-lg-row justify-content-between two-column-text-image\">\n\n                    <div class=\"col d-none d-lg-flex flex-column order-lg-1\">\n            <img decoding=\"async\" width=\"1772\" height=\"1181\" data-src=\"https:\/\/youngacademy.dk\/wp-content\/uploads\/sites\/5\/2025\/09\/dua_su_2025.jpg\" class=\"background-cover lazyload\" alt=\"\" data-srcset=\"https:\/\/youngacademy.dk\/wp-content\/uploads\/sites\/5\/2025\/09\/dua_su_2025.jpg 1772w, https:\/\/youngacademy.dk\/wp-content\/uploads\/sites\/5\/2025\/09\/dua_su_2025-300x200.jpg 300w, https:\/\/youngacademy.dk\/wp-content\/uploads\/sites\/5\/2025\/09\/dua_su_2025-1024x682.jpg 1024w, https:\/\/youngacademy.dk\/wp-content\/uploads\/sites\/5\/2025\/09\/dua_su_2025-768x512.jpg 768w, https:\/\/youngacademy.dk\/wp-content\/uploads\/sites\/5\/2025\/09\/dua_su_2025-1536x1024.jpg 1536w\" data-sizes=\"(max-width: 1772px) 100vw, 1772px\" src=\"data:image\/svg+xml;base64,PHN2ZyB3aWR0aD0iMSIgaGVpZ2h0PSIxIiB4bWxucz0iaHR0cDovL3d3dy53My5vcmcvMjAwMC9zdmciPjwvc3ZnPg==\" style=\"--smush-placeholder-width: 1772px; --smush-placeholder-aspect-ratio: 1772\/1181;\" \/>                    <p class=\"caption\">Foto: Det Unge Akademi\/Lars Svankj\u00e6r<\/p>\n            <\/div>\n\n                                            <div class=\"col-lg-5 d-flex flex-column row-gap-4 content-column\">\n\t\t\t\t\t\t\t                            <h2>Samarbejdsudvalget<\/h2>\n\n                                <img decoding=\"async\" width=\"1772\" height=\"1181\" data-src=\"https:\/\/youngacademy.dk\/wp-content\/uploads\/sites\/5\/2025\/09\/dua_su_2025.jpg\" class=\"d-block d-lg-none background-cover lazyload\" alt=\"\" data-srcset=\"https:\/\/youngacademy.dk\/wp-content\/uploads\/sites\/5\/2025\/09\/dua_su_2025.jpg 1772w, https:\/\/youngacademy.dk\/wp-content\/uploads\/sites\/5\/2025\/09\/dua_su_2025-300x200.jpg 300w, https:\/\/youngacademy.dk\/wp-content\/uploads\/sites\/5\/2025\/09\/dua_su_2025-1024x682.jpg 1024w, https:\/\/youngacademy.dk\/wp-content\/uploads\/sites\/5\/2025\/09\/dua_su_2025-768x512.jpg 768w, https:\/\/youngacademy.dk\/wp-content\/uploads\/sites\/5\/2025\/09\/dua_su_2025-1536x1024.jpg 1536w\" data-sizes=\"(max-width: 1772px) 100vw, 1772px\" src=\"data:image\/svg+xml;base64,PHN2ZyB3aWR0aD0iMSIgaGVpZ2h0PSIxIiB4bWxucz0iaHR0cDovL3d3dy53My5vcmcvMjAwMC9zdmciPjwvc3ZnPg==\" style=\"--smush-placeholder-width: 1772px; --smush-placeholder-aspect-ratio: 1772\/1181;\" \/>                                                            <div class=\"\">\n                                    <p>Samarbejdsudvalgets fornemste opgave er at styrke den tv\u00e6rfaglige interaktion og samtale blandt Det Unge Akademis medlemmer. Derfor er udvikling af id\u00e9er, initiativer og diskussionsformater, der g\u00f8r os mere nysgerrige p\u00e5 hinandens forskning og udfordrer vores egne fagligheder, helt centrale i udvalgets arbejde.<\/p>\n<p>Udvalget har is\u00e6r lagt v\u00e6gt p\u00e5 at s\u00f8rge for, at m\u00f8derne skal v\u00e6re sp\u00e6ndende og attraktive at deltage i. Det er vigtigt, at der er plads til at diskutere vilde ideer og nye angrebsvinkler, at blive inspireret, at opn\u00e5 sparring p\u00e5 alverdens problemstillinger i forskningsmilj\u00f8et, og at alle g\u00e5r fra m\u00f8det med en f\u00f8lelse af at have f\u00e5et noget med hjem.<br \/>\nSamarbejdsudvalget har taget initiativ til korte foredrag, hvor vi er blevet klogere p\u00e5 hinandens forskning og st\u00e5et for et ide-udvekslings-seminar, hvor medlemmerne p\u00e5 tv\u00e6rs af faggr\u00e6nser udviklede ideer til tv\u00e6rfaglige forskningsprojekter.<\/p>\n<h5>DUA\u2019S ZOOLOGISKE HAVE FOR FABELDYR<\/h5>\n<p>Vi elsker alle at tale om vores forskning. Men vigtigere er, at vi elsker at tale sammen om vores forskning \u2013 og diskutere den. Tidligere repr\u00e6sentant for samarbejdsudvalget, Carsten Levisen, plejede at sige, at det er de andre DUA-ister og deres kr\u00f8llede hjerner, der er hovedattraktionen i Det Unge Akademi. Gennem de sidste 11 \u00e5r har Samarbejdsudvalget derfor udviklet flere samtale- og diskussionsformater, der skal g\u00f8re Det Unge Akademis hovedattraktion, \u201dde andre\u201d og deres kr\u00f8llede hjerner, s\u00e5 tilg\u00e6ngelig som muligt.<\/p>\n<p>F\u00e6lles for mange af disse formater er, at de er modelleret over og opkaldt efter fabeldyr. Vi har snart en mindre zoologisk have med dem. F\u00f8rst kom Griffen, inspireret af skabningen med underkrop som en l\u00f8ve og hoved og vinger som en \u00f8rn fra DUA\u2019s eget og Videnskabernes Selskabs logo. En Grif er en 10 minutter lang, PowerPoint-fri, pr\u00e6sentation af det forskningssp\u00f8rgsm\u00e5l, et DUA-medlem er grebet af.<\/p>\n<p>Dern\u00e6st kom Hydraen: Det trehovedede uhyre. Her taler tre medlemmer med forskellige fagligheder om deres forskning ud fra et f\u00e6lles tema. De har hver syv minutter og et slide eller en rekvisit til r\u00e5dighed. Det seneste skud p\u00e5 stammen af fabeldyr er Fugl F\u00f8niks. En Fugl F\u00f8niks g\u00e5r ud p\u00e5 at br\u00e6nde noget af for derefter sammen at nyt\u00e6nke og omt\u00e6nke det og se, hvad der genopst\u00e5r ud af asken.<\/p>\n                                <\/div>\n                                                        <div class=\"d-flex flex-lg-row flex-column gap-4\">\n                                                                    <a href=\"https:\/\/youngacademy.dk\/da\/samarbejdsudvalget-2024\/\" target=\"\" class=\"justify-content-between btn-light btn mt-lg-4 btn-primary btn-lg\">UDVALGETS MEDLEMMER <i class=\"arrow-left\"><\/i><\/a>\n                                                                                            <\/div>\n\n                                                            <div class=\"wave-pattern mt-5 mb-5 mb-lg-0\"><\/div>\n                                                    <\/div>\n                                    <\/div>\n            <\/div>\n        <\/div>\n    <\/div>\n<\/section>\n","protected":false},"excerpt":{"rendered":"","protected":false},"author":13,"featured_media":0,"parent":0,"menu_order":12,"comment_status":"closed","ping_status":"closed","template":"","meta":{"_acf_changed":false,"footnotes":""},"class_list":["post-1422","page","type-page","status-publish","hentry"],"acf":[],"yoast_head":"<!-- This site is optimized with the Yoast SEO plugin v27.0 - https:\/\/yoast.com\/product\/yoast-seo-wordpress\/ -->\n<title>DET UNGE AKADEMI - Udvalg<\/title>\n<meta name=\"robots\" content=\"index, follow, max-snippet:-1, max-image-preview:large, max-video-preview:-1\" \/>\n<link rel=\"canonical\" href=\"https:\/\/youngacademy.dk\/da\/udvalg\/\" \/>\n<meta property=\"og:locale\" content=\"da_DK\" \/>\n<meta property=\"og:type\" content=\"article\" \/>\n<meta property=\"og:title\" content=\"DET UNGE AKADEMI - Udvalg\" \/>\n<meta property=\"og:url\" content=\"https:\/\/youngacademy.dk\/da\/udvalg\/\" \/>\n<meta property=\"og:site_name\" content=\"DET UNGE AKADEMI\" \/>\n<meta property=\"article:modified_time\" content=\"2025-09-18T12:42:12+00:00\" \/>\n<meta name=\"twitter:card\" content=\"summary_large_image\" \/>\n<script type=\"application\/ld+json\" class=\"yoast-schema-graph\">{\"@context\":\"https:\/\/schema.org\",\"@graph\":[{\"@type\":\"WebPage\",\"@id\":\"https:\/\/youngacademy.dk\/da\/udvalg\/\",\"url\":\"https:\/\/youngacademy.dk\/da\/udvalg\/\",\"name\":\"DET UNGE AKADEMI - Udvalg\",\"isPartOf\":{\"@id\":\"https:\/\/youngacademy.dk\/da\/#website\"},\"datePublished\":\"2023-10-10T12:32:45+00:00\",\"dateModified\":\"2025-09-18T12:42:12+00:00\",\"breadcrumb\":{\"@id\":\"https:\/\/youngacademy.dk\/da\/udvalg\/#breadcrumb\"},\"inLanguage\":\"da-DK\",\"potentialAction\":[{\"@type\":\"ReadAction\",\"target\":[\"https:\/\/youngacademy.dk\/da\/udvalg\/\"]}]},{\"@type\":\"BreadcrumbList\",\"@id\":\"https:\/\/youngacademy.dk\/da\/udvalg\/#breadcrumb\",\"itemListElement\":[{\"@type\":\"ListItem\",\"position\":1,\"name\":\"Hjem\",\"item\":\"https:\/\/youngacademy.dk\/da\/\"},{\"@type\":\"ListItem\",\"position\":2,\"name\":\"Udvalg\"}]},{\"@type\":\"WebSite\",\"@id\":\"https:\/\/youngacademy.dk\/da\/#website\",\"url\":\"https:\/\/youngacademy.dk\/da\/\",\"name\":\"DET UNGE AKADEMI\",\"description\":\"\",\"publisher\":{\"@id\":\"https:\/\/youngacademy.dk\/da\/#organization\"},\"potentialAction\":[{\"@type\":\"SearchAction\",\"target\":{\"@type\":\"EntryPoint\",\"urlTemplate\":\"https:\/\/youngacademy.dk\/da\/?s={search_term_string}\"},\"query-input\":{\"@type\":\"PropertyValueSpecification\",\"valueRequired\":true,\"valueName\":\"search_term_string\"}}],\"inLanguage\":\"da-DK\"},{\"@type\":\"Organization\",\"@id\":\"https:\/\/youngacademy.dk\/da\/#organization\",\"name\":\"DET UNGE AKADEMI\",\"url\":\"https:\/\/youngacademy.dk\/da\/\",\"logo\":{\"@type\":\"ImageObject\",\"inLanguage\":\"da-DK\",\"@id\":\"https:\/\/youngacademy.dk\/da\/#\/schema\/logo\/image\/\",\"url\":\"https:\/\/youngacademy.dk\/wp-content\/uploads\/sites\/5\/2023\/05\/ya-favicon.svg\",\"contentUrl\":\"https:\/\/youngacademy.dk\/wp-content\/uploads\/sites\/5\/2023\/05\/ya-favicon.svg\",\"width\":179,\"height\":179,\"caption\":\"DET UNGE AKADEMI\"},\"image\":{\"@id\":\"https:\/\/youngacademy.dk\/da\/#\/schema\/logo\/image\/\"}}]}<\/script>\n<!-- \/ Yoast SEO plugin. -->","yoast_head_json":{"title":"DET UNGE AKADEMI - Udvalg","robots":{"index":"index","follow":"follow","max-snippet":"max-snippet:-1","max-image-preview":"max-image-preview:large","max-video-preview":"max-video-preview:-1"},"canonical":"https:\/\/youngacademy.dk\/da\/udvalg\/","og_locale":"da_DK","og_type":"article","og_title":"DET UNGE AKADEMI - Udvalg","og_url":"https:\/\/youngacademy.dk\/da\/udvalg\/","og_site_name":"DET UNGE AKADEMI","article_modified_time":"2025-09-18T12:42:12+00:00","twitter_card":"summary_large_image","schema":{"@context":"https:\/\/schema.org","@graph":[{"@type":"WebPage","@id":"https:\/\/youngacademy.dk\/da\/udvalg\/","url":"https:\/\/youngacademy.dk\/da\/udvalg\/","name":"DET UNGE AKADEMI - Udvalg","isPartOf":{"@id":"https:\/\/youngacademy.dk\/da\/#website"},"datePublished":"2023-10-10T12:32:45+00:00","dateModified":"2025-09-18T12:42:12+00:00","breadcrumb":{"@id":"https:\/\/youngacademy.dk\/da\/udvalg\/#breadcrumb"},"inLanguage":"da-DK","potentialAction":[{"@type":"ReadAction","target":["https:\/\/youngacademy.dk\/da\/udvalg\/"]}]},{"@type":"BreadcrumbList","@id":"https:\/\/youngacademy.dk\/da\/udvalg\/#breadcrumb","itemListElement":[{"@type":"ListItem","position":1,"name":"Hjem","item":"https:\/\/youngacademy.dk\/da\/"},{"@type":"ListItem","position":2,"name":"Udvalg"}]},{"@type":"WebSite","@id":"https:\/\/youngacademy.dk\/da\/#website","url":"https:\/\/youngacademy.dk\/da\/","name":"DET UNGE AKADEMI","description":"","publisher":{"@id":"https:\/\/youngacademy.dk\/da\/#organization"},"potentialAction":[{"@type":"SearchAction","target":{"@type":"EntryPoint","urlTemplate":"https:\/\/youngacademy.dk\/da\/?s={search_term_string}"},"query-input":{"@type":"PropertyValueSpecification","valueRequired":true,"valueName":"search_term_string"}}],"inLanguage":"da-DK"},{"@type":"Organization","@id":"https:\/\/youngacademy.dk\/da\/#organization","name":"DET UNGE AKADEMI","url":"https:\/\/youngacademy.dk\/da\/","logo":{"@type":"ImageObject","inLanguage":"da-DK","@id":"https:\/\/youngacademy.dk\/da\/#\/schema\/logo\/image\/","url":"https:\/\/youngacademy.dk\/wp-content\/uploads\/sites\/5\/2023\/05\/ya-favicon.svg","contentUrl":"https:\/\/youngacademy.dk\/wp-content\/uploads\/sites\/5\/2023\/05\/ya-favicon.svg","width":179,"height":179,"caption":"DET UNGE AKADEMI"},"image":{"@id":"https:\/\/youngacademy.dk\/da\/#\/schema\/logo\/image\/"}}]}},"_links":{"self":[{"href":"https:\/\/youngacademy.dk\/da\/wp-json\/wp\/v2\/pages\/1422","targetHints":{"allow":["GET"]}}],"collection":[{"href":"https:\/\/youngacademy.dk\/da\/wp-json\/wp\/v2\/pages"}],"about":[{"href":"https:\/\/youngacademy.dk\/da\/wp-json\/wp\/v2\/types\/page"}],"author":[{"embeddable":true,"href":"https:\/\/youngacademy.dk\/da\/wp-json\/wp\/v2\/users\/13"}],"replies":[{"embeddable":true,"href":"https:\/\/youngacademy.dk\/da\/wp-json\/wp\/v2\/comments?post=1422"}],"version-history":[{"count":36,"href":"https:\/\/youngacademy.dk\/da\/wp-json\/wp\/v2\/pages\/1422\/revisions"}],"predecessor-version":[{"id":5355,"href":"https:\/\/youngacademy.dk\/da\/wp-json\/wp\/v2\/pages\/1422\/revisions\/5355"}],"wp:attachment":[{"href":"https:\/\/youngacademy.dk\/da\/wp-json\/wp\/v2\/media?parent=1422"}],"curies":[{"name":"wp","href":"https:\/\/api.w.org\/{rel}","templated":true}]}}