{"id":1787,"date":"2023-10-20T10:43:21","date_gmt":"2023-10-20T08:43:21","guid":{"rendered":"https:\/\/young-academy.stage.royalacademy.twentyfour.dev\/?page_id=1787"},"modified":"2024-01-11T15:14:53","modified_gmt":"2024-01-11T14:14:53","slug":"medlemsmoeder","status":"publish","type":"page","link":"https:\/\/youngacademy.dk\/da\/medlemsmoeder\/","title":{"rendered":"Medlemsm\u00f8der"},"content":{"rendered":"<section class=\"block-two-column-text  block bg-dark\">\n    <div class=\"custom-container\">\n        <div class=\"fade-up row justify-content-end\">\n            <div class=\"col-12 col-xl-11\">\n                <div class=\"row justify-content-between\">\n                                            <div class=\"col-lg-5 d-flex flex-column row-gap-4\">\n                                                        <h2><h1>Medlemsm\u00f8der<\/h1>\r\n\r\n<p>Det Unge Akademi holder medlemsm\u00f8der \u00e9n gang om m\u00e5neden, 10 m\u00e5neder om \u00e5ret. De fleste m\u00f8der foreg\u00e5r i Videnskabernes Selskabs lokaler. Her m\u00f8des medlemmerne p\u00e5 tv\u00e6rs af faggr\u00e6nser og h\u00f8rer om hinandens forskning gennem grif-foredrag, holder tv\u00e6rvidenskabelige opl\u00e6g ved hydraforedrag, diskuterer forskningspolitiske emner og initierer nye, sp\u00e6ndende projekter.\r\nDe enkelte udvalg holder for de meste ogs\u00e5 m\u00f8der ved samme lejlighed.<\/p><\/h2>\n                                                            <div class=\"wave-pattern mt-5 mb-5 mb-lg-0\"><\/div>\n                                                    <\/div>\n                                                                <div class=\"col-lg-6 second-col\">\n                                                        <div class=\"d-flex flex-lg-row flex-column gap-4\">\n\t\t\t\t\t\t\t\t\t\t\t\t\t\t\t\t                            <\/div>\n                        <\/div>\n                                    <\/div>\n            <\/div>\n        <\/div>\n    <\/div>\n<\/section>\n\n\n\n<section class=\"bg-light\">\n    <div class=\"dynamic-column-text-block\">\n        <div class=\"custom-container\">\n\t\t\t<div class=\"row justify-content-end\">\n\t\t\t\t<div class=\"col-12 col-xl-11\">\n\t\t\t\t\t<div class=\"justify-content-end column-count-2 grid-row-gap-0 align-items-baseline\">\n\t\t\t\t\t\t\t\t\t\t\t\t\t<h2 class=\"fade-up mb-4\"> Grifforedrag <\/h2>\n\t\t\t\t\t\t\t\t\t\t\t\t\t\t\t\t\t\t\t<h2 class=\"fade-up mb-4 hide-mobile\"> Hydraforedrag <\/h2>\n\t\t\t\t\t\t\t\t\t\t\t\t\t\t\t\t\t<\/div>\n\t\t\t\t\t<div class=\"justify-content-end column-count-2\">\n\t\t\t\t\t\t<div class=\"fade-up p-0 d-flex flex-column\">\n\t\t\t\t\t\t\t<p>Grifforedrag er en veletableret tradition i Det Unge Akademi. Det er formatet, hvor medlemmerne i korte opl\u00e6g fort\u00e6ller hinanden om deres forskning,<\/p>\n<p>Et grifforedrag skal fagligt finde den rette balance mellem p\u00e5 den ene side at v\u00e6re popul\u00e6rt, fordi medlemmerne sp\u00e6nder s\u00e5 fagligt bredt, og p\u00e5 den anden side give plads til metodiske refleksioner p\u00e5 et h\u00f8jere plan end til et almindeligt popul\u00e6rvidenskabeligt foredrag. Foredragsholderen skal p\u00e5 10 minutter svare p\u00e5 tre sp\u00f8rgsm\u00e5l:<\/p>\n<p>1: Hvad br\u00e6nder du for i din forskning?<\/p>\n<p>2: Hvilken metode bruger du?<\/p>\n<p>3: Hvad er en faglig udfordring i dit felt?<\/p>\n<p>Efterf\u00f8lgende dr\u00f8ftes opl\u00e6gget i mindre grupper, hvorefter medlemmerne har mulighed for at stille sp\u00f8rgsm\u00e5l til opl\u00e6gsholderen &#8211; noget de i den grad benytter sig af.<\/p>\n\t\t\t\t\t\t\t<div class=\"d-flex flex-column\">\n\t\t\t\t\t\t\t\t\t\t\t\t\t\t\t\t\t\t\t\t\t\t\t<\/div>\n\t\t\t\t\t\t<\/div>\n\t\t\t\t\t\t<div class=\"fade-up p-0 d-flex flex-column\">\n\t\t\t\t\t\t\t\t\t\t\t\t\t\t\t<h2 class=\"fade-up mb-4 mobile\"> Hydraforedrag <\/h2>\n\t\t\t\t\t\t\t\t\t\t\t\t\t\t\t\t\t\t\t\t\t\t<p>Hydraen er symbolet p\u00e5 DUA\u2019s tv\u00e6rvidenskabelige diskussioner. Konceptet blev udviklet af samarbejdsudvalget i 2019 for at udfordre DUA\u2019s medlemmer til at s\u00e6tte deres kernefaglighed p\u00e5 spil i st\u00f8rre tv\u00e6rvidenskabelige sammenh\u00e6nge.<\/p>\n<p>DUA\u2019s hydra har tre hoveder, og hver Hydra har s\u00e5ledes tre opl\u00e6gsholdere, der taler om samme emne med hver deres faglighed som baggrund og ud fra blot et enkelt billede efter eget valg. Ordstyreren \u2013 hydrabetvingeren \u2013 f\u00f8rer derefter hele forsamlingen igennem en debat om det valgte emne.<\/p>\n<p>Gennem Hydraen oplever DUAisterne, hvordan tv\u00e6rvidenskabelig t\u00e6nkning kan bidrage med nye perspektiver p\u00e5 kendte problematikker.<\/p>\n\t\t\t\t\t\t\t\t\t\t\t\t\t\t<div class=\"d-flex flex-column\">\n\t\t\t\t\t\t\t\t\t\t\t\t\t\t\t\t\t\t\t\t\t\t\t<\/div>\n\t\t\t\t\t\t<\/div>\n\t\t\t\t\t\t<div class=\"fade-up p-0 d-flex flex-column\">\n\t\t\t\t\t\t\t\t\t\t\t\t\t\t\t\t\t\t\t\t\t\t\t\t\t\t\t\t\t\t\t\t\t\t\t\t<div class=\"d-flex flex-column\">\n\t\t\t\t\t\t\t\t\t\t\t\t\t\t\t\t\t\t\t\t\t\t\t<\/div>\n\t\t\t\t\t\t<\/div>\n\t\t\t\t\t<\/div>\n\t\t\t\t<\/div>\n            <\/div>\n        <\/div>\n    <\/div>\n<\/section>\n","protected":false},"excerpt":{"rendered":"","protected":false},"author":13,"featured_media":0,"parent":0,"menu_order":12,"comment_status":"closed","ping_status":"closed","template":"","meta":{"_acf_changed":false,"footnotes":""},"class_list":["post-1787","page","type-page","status-publish","hentry"],"acf":[],"yoast_head":"<!-- This site is optimized with the Yoast SEO plugin v27.0 - https:\/\/yoast.com\/product\/yoast-seo-wordpress\/ -->\n<title>DET UNGE AKADEMI - Medlemsm\u00f8der<\/title>\n<meta name=\"robots\" content=\"index, follow, max-snippet:-1, max-image-preview:large, max-video-preview:-1\" \/>\n<link rel=\"canonical\" href=\"https:\/\/youngacademy.dk\/da\/medlemsmoeder\/\" \/>\n<meta property=\"og:locale\" content=\"da_DK\" \/>\n<meta property=\"og:type\" content=\"article\" \/>\n<meta property=\"og:title\" content=\"DET UNGE AKADEMI - Medlemsm\u00f8der\" \/>\n<meta property=\"og:url\" content=\"https:\/\/youngacademy.dk\/da\/medlemsmoeder\/\" \/>\n<meta property=\"og:site_name\" content=\"DET UNGE AKADEMI\" \/>\n<meta property=\"article:modified_time\" content=\"2024-01-11T14:14:53+00:00\" \/>\n<meta name=\"twitter:card\" content=\"summary_large_image\" \/>\n<script type=\"application\/ld+json\" class=\"yoast-schema-graph\">{\"@context\":\"https:\/\/schema.org\",\"@graph\":[{\"@type\":\"WebPage\",\"@id\":\"https:\/\/youngacademy.dk\/da\/medlemsmoeder\/\",\"url\":\"https:\/\/youngacademy.dk\/da\/medlemsmoeder\/\",\"name\":\"DET UNGE AKADEMI - Medlemsm\u00f8der\",\"isPartOf\":{\"@id\":\"https:\/\/youngacademy.dk\/da\/#website\"},\"datePublished\":\"2023-10-20T08:43:21+00:00\",\"dateModified\":\"2024-01-11T14:14:53+00:00\",\"breadcrumb\":{\"@id\":\"https:\/\/youngacademy.dk\/da\/medlemsmoeder\/#breadcrumb\"},\"inLanguage\":\"da-DK\",\"potentialAction\":[{\"@type\":\"ReadAction\",\"target\":[\"https:\/\/youngacademy.dk\/da\/medlemsmoeder\/\"]}]},{\"@type\":\"BreadcrumbList\",\"@id\":\"https:\/\/youngacademy.dk\/da\/medlemsmoeder\/#breadcrumb\",\"itemListElement\":[{\"@type\":\"ListItem\",\"position\":1,\"name\":\"Hjem\",\"item\":\"https:\/\/youngacademy.dk\/da\/\"},{\"@type\":\"ListItem\",\"position\":2,\"name\":\"Medlemsm\u00f8der\"}]},{\"@type\":\"WebSite\",\"@id\":\"https:\/\/youngacademy.dk\/da\/#website\",\"url\":\"https:\/\/youngacademy.dk\/da\/\",\"name\":\"DET UNGE AKADEMI\",\"description\":\"\",\"publisher\":{\"@id\":\"https:\/\/youngacademy.dk\/da\/#organization\"},\"potentialAction\":[{\"@type\":\"SearchAction\",\"target\":{\"@type\":\"EntryPoint\",\"urlTemplate\":\"https:\/\/youngacademy.dk\/da\/?s={search_term_string}\"},\"query-input\":{\"@type\":\"PropertyValueSpecification\",\"valueRequired\":true,\"valueName\":\"search_term_string\"}}],\"inLanguage\":\"da-DK\"},{\"@type\":\"Organization\",\"@id\":\"https:\/\/youngacademy.dk\/da\/#organization\",\"name\":\"DET UNGE AKADEMI\",\"url\":\"https:\/\/youngacademy.dk\/da\/\",\"logo\":{\"@type\":\"ImageObject\",\"inLanguage\":\"da-DK\",\"@id\":\"https:\/\/youngacademy.dk\/da\/#\/schema\/logo\/image\/\",\"url\":\"https:\/\/youngacademy.dk\/wp-content\/uploads\/sites\/5\/2023\/05\/ya-favicon.svg\",\"contentUrl\":\"https:\/\/youngacademy.dk\/wp-content\/uploads\/sites\/5\/2023\/05\/ya-favicon.svg\",\"width\":179,\"height\":179,\"caption\":\"DET UNGE AKADEMI\"},\"image\":{\"@id\":\"https:\/\/youngacademy.dk\/da\/#\/schema\/logo\/image\/\"}}]}<\/script>\n<!-- \/ Yoast SEO plugin. -->","yoast_head_json":{"title":"DET UNGE AKADEMI - Medlemsm\u00f8der","robots":{"index":"index","follow":"follow","max-snippet":"max-snippet:-1","max-image-preview":"max-image-preview:large","max-video-preview":"max-video-preview:-1"},"canonical":"https:\/\/youngacademy.dk\/da\/medlemsmoeder\/","og_locale":"da_DK","og_type":"article","og_title":"DET UNGE AKADEMI - Medlemsm\u00f8der","og_url":"https:\/\/youngacademy.dk\/da\/medlemsmoeder\/","og_site_name":"DET UNGE AKADEMI","article_modified_time":"2024-01-11T14:14:53+00:00","twitter_card":"summary_large_image","schema":{"@context":"https:\/\/schema.org","@graph":[{"@type":"WebPage","@id":"https:\/\/youngacademy.dk\/da\/medlemsmoeder\/","url":"https:\/\/youngacademy.dk\/da\/medlemsmoeder\/","name":"DET UNGE AKADEMI - Medlemsm\u00f8der","isPartOf":{"@id":"https:\/\/youngacademy.dk\/da\/#website"},"datePublished":"2023-10-20T08:43:21+00:00","dateModified":"2024-01-11T14:14:53+00:00","breadcrumb":{"@id":"https:\/\/youngacademy.dk\/da\/medlemsmoeder\/#breadcrumb"},"inLanguage":"da-DK","potentialAction":[{"@type":"ReadAction","target":["https:\/\/youngacademy.dk\/da\/medlemsmoeder\/"]}]},{"@type":"BreadcrumbList","@id":"https:\/\/youngacademy.dk\/da\/medlemsmoeder\/#breadcrumb","itemListElement":[{"@type":"ListItem","position":1,"name":"Hjem","item":"https:\/\/youngacademy.dk\/da\/"},{"@type":"ListItem","position":2,"name":"Medlemsm\u00f8der"}]},{"@type":"WebSite","@id":"https:\/\/youngacademy.dk\/da\/#website","url":"https:\/\/youngacademy.dk\/da\/","name":"DET UNGE AKADEMI","description":"","publisher":{"@id":"https:\/\/youngacademy.dk\/da\/#organization"},"potentialAction":[{"@type":"SearchAction","target":{"@type":"EntryPoint","urlTemplate":"https:\/\/youngacademy.dk\/da\/?s={search_term_string}"},"query-input":{"@type":"PropertyValueSpecification","valueRequired":true,"valueName":"search_term_string"}}],"inLanguage":"da-DK"},{"@type":"Organization","@id":"https:\/\/youngacademy.dk\/da\/#organization","name":"DET UNGE AKADEMI","url":"https:\/\/youngacademy.dk\/da\/","logo":{"@type":"ImageObject","inLanguage":"da-DK","@id":"https:\/\/youngacademy.dk\/da\/#\/schema\/logo\/image\/","url":"https:\/\/youngacademy.dk\/wp-content\/uploads\/sites\/5\/2023\/05\/ya-favicon.svg","contentUrl":"https:\/\/youngacademy.dk\/wp-content\/uploads\/sites\/5\/2023\/05\/ya-favicon.svg","width":179,"height":179,"caption":"DET UNGE AKADEMI"},"image":{"@id":"https:\/\/youngacademy.dk\/da\/#\/schema\/logo\/image\/"}}]}},"_links":{"self":[{"href":"https:\/\/youngacademy.dk\/da\/wp-json\/wp\/v2\/pages\/1787","targetHints":{"allow":["GET"]}}],"collection":[{"href":"https:\/\/youngacademy.dk\/da\/wp-json\/wp\/v2\/pages"}],"about":[{"href":"https:\/\/youngacademy.dk\/da\/wp-json\/wp\/v2\/types\/page"}],"author":[{"embeddable":true,"href":"https:\/\/youngacademy.dk\/da\/wp-json\/wp\/v2\/users\/13"}],"replies":[{"embeddable":true,"href":"https:\/\/youngacademy.dk\/da\/wp-json\/wp\/v2\/comments?post=1787"}],"version-history":[{"count":60,"href":"https:\/\/youngacademy.dk\/da\/wp-json\/wp\/v2\/pages\/1787\/revisions"}],"predecessor-version":[{"id":3347,"href":"https:\/\/youngacademy.dk\/da\/wp-json\/wp\/v2\/pages\/1787\/revisions\/3347"}],"wp:attachment":[{"href":"https:\/\/youngacademy.dk\/da\/wp-json\/wp\/v2\/media?parent=1787"}],"curies":[{"name":"wp","href":"https:\/\/api.w.org\/{rel}","templated":true}]}}