{"id":1897,"date":"2023-10-23T08:59:47","date_gmt":"2023-10-23T06:59:47","guid":{"rendered":"https:\/\/young-academy.stage.royalacademy.twentyfour.dev\/?page_id=1897"},"modified":"2026-02-10T13:16:28","modified_gmt":"2026-02-10T12:16:28","slug":"arsskrift","status":"publish","type":"page","link":"https:\/\/youngacademy.dk\/da\/arsskrift\/","title":{"rendered":"\u00c5rsskrift"},"content":{"rendered":"<section class=\"block-two-column-text  block bg-light\">\n    <div class=\"custom-container\">\n        <div class=\"fade-up row justify-content-end\">\n            <div class=\"col-12 col-xl-11\">\n                <div class=\"row justify-content-between\">\n                                            <div class=\"col-lg-5 d-flex flex-column row-gap-4\">\n                                                        <h2><h2>\u00c5rsskrift<\/h2> \r\n\r\n<h5>Det Unge Akademi udgiver hvert \u00e5r i januar et \u00e5rsskrift, som bl.a. indeholder pr\u00e6sentationer af medlemmerne, artikler fra forskningen og en beskrivelse af akademiets arbejde og aktiviteter i det forgangne \u00e5r.<\/h5>\r\n<\/h2>\n                                                            <div class=\"wave-pattern mt-5 mb-5 mb-lg-0\"><\/div>\n                                                    <\/div>\n                                                                <div class=\"col-lg-6 second-col\">\n                                                        <div class=\"d-flex flex-lg-row flex-column gap-4\">\n\t\t\t\t\t\t\t\t\t\t\t\t\t\t\t\t                            <\/div>\n                        <\/div>\n                                    <\/div>\n            <\/div>\n        <\/div>\n    <\/div>\n<\/section>\n\n\n<section class=\"block-two-column-text block-accordion block bg-light\">\t\n\t<div class=\"custom-container\">\n\t\t<div class=\"row justify-content-end\">\n\t\t\t<div class=\"col-12 col-xl-11\">\n\t\t\t\t<div class=\"row align-items-center column-gap-5 row-gap-5 d-flex flex-column flex-lg-row justify-content-between\">\n\n\t\t\t\t\t<div class=\"col d-none d-lg-flex flex-column order-lg-0\">\n\t\t\t\t\t\t<img decoding=\"async\" width=\"1106\" height=\"1475\" data-src=\"https:\/\/youngacademy.dk\/wp-content\/uploads\/sites\/5\/2026\/02\/dua_a_rsskrift_content_2025_fin_screen_ny-til-web_side_01.jpg\" class=\"background-cover lazyload\" alt=\"\" data-srcset=\"https:\/\/youngacademy.dk\/wp-content\/uploads\/sites\/5\/2026\/02\/dua_a_rsskrift_content_2025_fin_screen_ny-til-web_side_01.jpg 1106w, https:\/\/youngacademy.dk\/wp-content\/uploads\/sites\/5\/2026\/02\/dua_a_rsskrift_content_2025_fin_screen_ny-til-web_side_01-225x300.jpg 225w, https:\/\/youngacademy.dk\/wp-content\/uploads\/sites\/5\/2026\/02\/dua_a_rsskrift_content_2025_fin_screen_ny-til-web_side_01-768x1024.jpg 768w\" data-sizes=\"(max-width: 1106px) 100vw, 1106px\" src=\"data:image\/svg+xml;base64,PHN2ZyB3aWR0aD0iMSIgaGVpZ2h0PSIxIiB4bWxucz0iaHR0cDovL3d3dy53My5vcmcvMjAwMC9zdmciPjwvc3ZnPg==\" style=\"--smush-placeholder-width: 1106px; --smush-placeholder-aspect-ratio: 1106\/1475;\" \/>\t\t\t\t\t\t\t\t\t\t\t<\/div>\n\n\t\t\t\t\t\t\t\t\t\t\t<div class=\"col-lg-6 d-flex flex-column row-gap-4 \">\n\t\t\t\t\t\t\t<span><\/span>\n\t\t\t\t\t\t\t<h2 class=\"custom-font\"><\/h2>\n\t\t\t\t\t\t\t\t\t\t\t\t\t\t\t\t\t\t\t\t\t\t<div class=\"accordion-block__content\">\n\t\t\t\t\t\t\t\t\t<div class=\"accordion-block__inner-content\">\n\t\t\t\t\t\t\t\t\t\t\t\t\t\t\t\t\t\t\t\t\t<div class=\"accordion-block__item\">\n\t\t\t\t\t\t\t\t\t\t\t\t<h4>\u00c5rsskrift 2025<\/h4>\n\t\t\t\t\t\t\t\t\t\t\t\t<div class=\"accordion-block__item_content\">\n\t\t\t\t\t\t\t\t\t\t\t\t\t<div class=\"accordion-block__item_inner_content\">\n\t\t\t\t\t\t\t\t\t\t\t\t\t\t\t\t\t\t\t\t\t\t\t\t\t\t\t\t\t\t\t\t\t\t\t\t\t\t\t\t\t\t\t<a href=\"https:\/\/youngacademy.dk\/da\/aarsskrift-2025\/\" class=\"btn-light btn mt-4 mb-4 btn-primary btn-lg accordion-block__button\" target=\"_blank\">\u00c5rsskrift 2025<\/a>\n\t\t\t\t\t\t\t\t\t\t\t\t\t\t\t\t\t\t\t\t\t\t\t\t\t\t\t<\/div>\n\t\t\t\t\t\t\t\t\t\t\t\t<\/div>\n\t\t\t\t\t\t\t\t\t\t\t<\/div>\n\t\t\t\t\t\t\t\t\t\t\t\t\t\t\t\t\t\t\t\t\t<div class=\"accordion-block__item\">\n\t\t\t\t\t\t\t\t\t\t\t\t<h4>\u00c5rsskrift 2024<\/h4>\n\t\t\t\t\t\t\t\t\t\t\t\t<div class=\"accordion-block__item_content\">\n\t\t\t\t\t\t\t\t\t\t\t\t\t<div class=\"accordion-block__item_inner_content\">\n\t\t\t\t\t\t\t\t\t\t\t\t\t\t\t\t\t\t\t\t\t\t\t\t\t\t\t\t\t\t\t\t\t\t\t\t\t\t\t\t\t\t\t<a href=\"https:\/\/youngacademy.dk\/aarsskrift-2024\/\" class=\"btn-light btn mt-4 mb-4 btn-primary btn-lg accordion-block__button\" target=\"_self\">\u00c5rsskrift 2024<\/a>\n\t\t\t\t\t\t\t\t\t\t\t\t\t\t\t\t\t\t\t\t\t\t\t\t\t\t\t<\/div>\n\t\t\t\t\t\t\t\t\t\t\t\t<\/div>\n\t\t\t\t\t\t\t\t\t\t\t<\/div>\n\t\t\t\t\t\t\t\t\t\t\t\t\t\t\t\t\t\t\t\t\t<div class=\"accordion-block__item\">\n\t\t\t\t\t\t\t\t\t\t\t\t<h4>\u00c5rsskrift 2023<\/h4>\n\t\t\t\t\t\t\t\t\t\t\t\t<div class=\"accordion-block__item_content\">\n\t\t\t\t\t\t\t\t\t\t\t\t\t<div class=\"accordion-block__item_inner_content\">\n\t\t\t\t\t\t\t\t\t\t\t\t\t\t\t\t\t\t\t\t\t\t\t\t\t\t\t\t\t\t\t\t\t\t\t\t\t\t\t\t\t\t\t<a href=\"https:\/\/youngacademy.dk\/da\/aarsskriftet-2023\/\" class=\"btn-light btn mt-4 mb-4 btn-primary btn-lg accordion-block__button\" target=\"_self\">\u00c5rsskrift 2023<\/a>\n\t\t\t\t\t\t\t\t\t\t\t\t\t\t\t\t\t\t\t\t\t\t\t\t\t\t\t<\/div>\n\t\t\t\t\t\t\t\t\t\t\t\t<\/div>\n\t\t\t\t\t\t\t\t\t\t\t<\/div>\n\t\t\t\t\t\t\t\t\t\t\t\t\t\t\t\t\t\t\t\t\t<div class=\"accordion-block__item\">\n\t\t\t\t\t\t\t\t\t\t\t\t<h4>\u00c5rsskrift 2022<\/h4>\n\t\t\t\t\t\t\t\t\t\t\t\t<div class=\"accordion-block__item_content\">\n\t\t\t\t\t\t\t\t\t\t\t\t\t<div class=\"accordion-block__item_inner_content\">\n\t\t\t\t\t\t\t\t\t\t\t\t\t\t\t\t\t\t\t\t\t\t\t\t\t\t\t\t\t\t\t\t\t\t\t\t\t\t\t\t\t\t\t<a href=\"https:\/\/youngacademy.dk\/da\/aarsskriftet-2022\/\" class=\"btn-light btn mt-4 mb-4 btn-primary btn-lg accordion-block__button\" target=\"_blank\">L\u00e6s \u00e5rsskriftet 2022<\/a>\n\t\t\t\t\t\t\t\t\t\t\t\t\t\t\t\t\t\t\t\t\t\t\t\t\t\t\t<\/div>\n\t\t\t\t\t\t\t\t\t\t\t\t<\/div>\n\t\t\t\t\t\t\t\t\t\t\t<\/div>\n\t\t\t\t\t\t\t\t\t\t\t\t\t\t\t\t\t\t\t\t\t<div class=\"accordion-block__item\">\n\t\t\t\t\t\t\t\t\t\t\t\t<h4>\u00c5rsskrift 2021<\/h4>\n\t\t\t\t\t\t\t\t\t\t\t\t<div class=\"accordion-block__item_content\">\n\t\t\t\t\t\t\t\t\t\t\t\t\t<div class=\"accordion-block__item_inner_content\">\n\t\t\t\t\t\t\t\t\t\t\t\t\t\t\t\t\t\t\t\t\t\t\t\t\t\t\t\t\t\t\t\t\t\t\t\t\t\t\t\t\t\t\t<a href=\"https:\/\/youngacademy.dk\/da\/arsskriftet-2021\/\" class=\"btn-light btn mt-4 mb-4 btn-primary btn-lg accordion-block__button\" target=\"_self\">L\u00e6s \u00e5rsskriftet 2021<\/a>\n\t\t\t\t\t\t\t\t\t\t\t\t\t\t\t\t\t\t\t\t\t\t\t\t\t\t\t<\/div>\n\t\t\t\t\t\t\t\t\t\t\t\t<\/div>\n\t\t\t\t\t\t\t\t\t\t\t<\/div>\n\t\t\t\t\t\t\t\t\t\t\t\t\t\t\t\t\t\t\t\t\t<div class=\"accordion-block__item\">\n\t\t\t\t\t\t\t\t\t\t\t\t<h4>\u00c5rsskrift 2020<\/h4>\n\t\t\t\t\t\t\t\t\t\t\t\t<div class=\"accordion-block__item_content\">\n\t\t\t\t\t\t\t\t\t\t\t\t\t<div class=\"accordion-block__item_inner_content\">\n\t\t\t\t\t\t\t\t\t\t\t\t\t\t\t\t\t\t\t\t\t\t\t\t\t\t\t\t\t\t\t\t\t\t\t\t\t\t\t\t\t\t\t<a href=\"https:\/\/youngacademy.dk\/da\/arsskriftet-2020\/\" class=\"btn-light btn mt-4 mb-4 btn-primary btn-lg accordion-block__button\" target=\"_self\">L\u00e6s \u00e5rsskriftet 2020<\/a>\n\t\t\t\t\t\t\t\t\t\t\t\t\t\t\t\t\t\t\t\t\t\t\t\t\t\t\t<\/div>\n\t\t\t\t\t\t\t\t\t\t\t\t<\/div>\n\t\t\t\t\t\t\t\t\t\t\t<\/div>\n\t\t\t\t\t\t\t\t\t\t\t\t\t\t\t\t\t\t\t\t\t<div class=\"accordion-block__item\">\n\t\t\t\t\t\t\t\t\t\t\t\t<h4>\u00c5rsskrift 2019<\/h4>\n\t\t\t\t\t\t\t\t\t\t\t\t<div class=\"accordion-block__item_content\">\n\t\t\t\t\t\t\t\t\t\t\t\t\t<div class=\"accordion-block__item_inner_content\">\n\t\t\t\t\t\t\t\t\t\t\t\t\t\t\t\t\t\t\t\t\t\t\t\t\t\t\t\t\t\t\t\t\t\t\t\t\t\t\t\t\t\t\t<a href=\"https:\/\/youngacademy.dk\/da\/arsskriftet-2019\/\" class=\"btn-light btn mt-4 mb-4 btn-primary btn-lg accordion-block__button\" target=\"_self\">L\u00e6s \u00e5rsskriftet 2019<\/a>\n\t\t\t\t\t\t\t\t\t\t\t\t\t\t\t\t\t\t\t\t\t\t\t\t\t\t\t<\/div>\n\t\t\t\t\t\t\t\t\t\t\t\t<\/div>\n\t\t\t\t\t\t\t\t\t\t\t<\/div>\n\t\t\t\t\t\t\t\t\t\t\t\t\t\t\t\t\t\t\t\t\t<div class=\"accordion-block__item\">\n\t\t\t\t\t\t\t\t\t\t\t\t<h4>\u00c5rsskrift 2018<\/h4>\n\t\t\t\t\t\t\t\t\t\t\t\t<div class=\"accordion-block__item_content\">\n\t\t\t\t\t\t\t\t\t\t\t\t\t<div class=\"accordion-block__item_inner_content\">\n\t\t\t\t\t\t\t\t\t\t\t\t\t\t\t\t\t\t\t\t\t\t\t\t\t\t\t\t\t\t\t\t\t\t\t\t\t\t\t\t\t\t\t<a href=\"https:\/\/youngacademy.dk\/da\/arsskriftet-2018\/\" class=\"btn-light btn mt-4 mb-4 btn-primary btn-lg accordion-block__button\" target=\"_self\">L\u00e6s \u00e5rsskriftet 2018<\/a>\n\t\t\t\t\t\t\t\t\t\t\t\t\t\t\t\t\t\t\t\t\t\t\t\t\t\t\t<\/div>\n\t\t\t\t\t\t\t\t\t\t\t\t<\/div>\n\t\t\t\t\t\t\t\t\t\t\t<\/div>\n\t\t\t\t\t\t\t\t\t\t\t\t\t\t\t\t\t\t\t\t\t<div class=\"accordion-block__item\">\n\t\t\t\t\t\t\t\t\t\t\t\t<h4>\u00c5rsskrift 2017<\/h4>\n\t\t\t\t\t\t\t\t\t\t\t\t<div class=\"accordion-block__item_content\">\n\t\t\t\t\t\t\t\t\t\t\t\t\t<div class=\"accordion-block__item_inner_content\">\n\t\t\t\t\t\t\t\t\t\t\t\t\t\t\t\t\t\t\t\t\t\t\t\t\t\t\t\t\t\t\t\t\t\t\t\t\t\t\t\t\t\t\t<a href=\"https:\/\/youngacademy.dk\/da\/aarsskriftet-2017\/\" class=\"btn-light btn mt-4 mb-4 btn-primary btn-lg accordion-block__button\" target=\"_self\">L\u00e6s \u00e5rsskriftet 2017<\/a>\n\t\t\t\t\t\t\t\t\t\t\t\t\t\t\t\t\t\t\t\t\t\t\t\t\t\t\t<\/div>\n\t\t\t\t\t\t\t\t\t\t\t\t<\/div>\n\t\t\t\t\t\t\t\t\t\t\t<\/div>\n\t\t\t\t\t\t\t\t\t\t\t\t\t\t\t\t\t\t\t\t\t<div class=\"accordion-block__item\">\n\t\t\t\t\t\t\t\t\t\t\t\t<h4>\u00c5rsskrift 2016<\/h4>\n\t\t\t\t\t\t\t\t\t\t\t\t<div class=\"accordion-block__item_content\">\n\t\t\t\t\t\t\t\t\t\t\t\t\t<div class=\"accordion-block__item_inner_content\">\n\t\t\t\t\t\t\t\t\t\t\t\t\t\t\t\t\t\t\t\t\t\t\t\t\t\t\t\t\t\t\t\t\t\t\t\t\t\t\t\t\t\t\t<a href=\"https:\/\/youngacademy.dk\/da\/aarsskriftet-2016\/\" class=\"btn-light btn mt-4 mb-4 btn-primary btn-lg accordion-block__button\" target=\"_self\">L\u00e6s \u00e5rsskriftet 2016<\/a>\n\t\t\t\t\t\t\t\t\t\t\t\t\t\t\t\t\t\t\t\t\t\t\t\t\t\t\t<\/div>\n\t\t\t\t\t\t\t\t\t\t\t\t<\/div>\n\t\t\t\t\t\t\t\t\t\t\t<\/div>\n\t\t\t\t\t\t\t\t\t\t\t\t\t\t\t\t\t\t\t\t\t<div class=\"accordion-block__item\">\n\t\t\t\t\t\t\t\t\t\t\t\t<h4>\u00c5rsskrift 2015<\/h4>\n\t\t\t\t\t\t\t\t\t\t\t\t<div class=\"accordion-block__item_content\">\n\t\t\t\t\t\t\t\t\t\t\t\t\t<div class=\"accordion-block__item_inner_content\">\n\t\t\t\t\t\t\t\t\t\t\t\t\t\t\t\t\t\t\t\t\t\t\t\t\t\t\t\t\t\t\t\t\t\t\t\t\t\t\t\t\t\t\t<a href=\"https:\/\/youngacademy.dk\/da\/aarsskriftet-2015\/\" class=\"btn-light btn mt-4 mb-4 btn-primary btn-lg accordion-block__button\" target=\"_self\">L\u00e6s \u00e5rsskriftet 2015<\/a>\n\t\t\t\t\t\t\t\t\t\t\t\t\t\t\t\t\t\t\t\t\t\t\t\t\t\t\t<\/div>\n\t\t\t\t\t\t\t\t\t\t\t\t<\/div>\n\t\t\t\t\t\t\t\t\t\t\t<\/div>\n\t\t\t\t\t\t\t\t\t\t\t\t\t\t\t\t\t\t\t\t\t<div class=\"accordion-block__item\">\n\t\t\t\t\t\t\t\t\t\t\t\t<h4>\u00c5rsskrift 2014<\/h4>\n\t\t\t\t\t\t\t\t\t\t\t\t<div class=\"accordion-block__item_content\">\n\t\t\t\t\t\t\t\t\t\t\t\t\t<div class=\"accordion-block__item_inner_content\">\n\t\t\t\t\t\t\t\t\t\t\t\t\t\t\t\t\t\t\t\t\t\t\t\t\t\t\t\t\t\t\t\t\t\t\t\t\t\t\t\t\t\t\t<a href=\"https:\/\/youngacademy.dk\/da\/aarsskriftet-2014\/\" class=\"btn-light btn mt-4 mb-4 btn-primary btn-lg accordion-block__button\" target=\"_self\">L\u00e6s \u00e5rsskriftet 2014<\/a>\n\t\t\t\t\t\t\t\t\t\t\t\t\t\t\t\t\t\t\t\t\t\t\t\t\t\t\t<\/div>\n\t\t\t\t\t\t\t\t\t\t\t\t<\/div>\n\t\t\t\t\t\t\t\t\t\t\t<\/div>\n\t\t\t\t\t\t\t\t\t\t\t\t\t\t\t\t\t\t\t\t\t<div class=\"accordion-block__item\">\n\t\t\t\t\t\t\t\t\t\t\t\t<h4>\u00c5rsskrift 2013<\/h4>\n\t\t\t\t\t\t\t\t\t\t\t\t<div class=\"accordion-block__item_content\">\n\t\t\t\t\t\t\t\t\t\t\t\t\t<div class=\"accordion-block__item_inner_content\">\n\t\t\t\t\t\t\t\t\t\t\t\t\t\t\t\t\t\t\t\t\t\t\t\t\t\t\t\t\t\t\t\t\t\t\t\t\t\t\t\t\t\t\t<a href=\"https:\/\/youngacademy.dk\/da\/aarsskriftet-2013\/\" class=\"btn-light btn mt-4 mb-4 btn-primary btn-lg accordion-block__button\" target=\"_self\">L\u00e6s \u00e5rsskriftet 2013<\/a>\n\t\t\t\t\t\t\t\t\t\t\t\t\t\t\t\t\t\t\t\t\t\t\t\t\t\t\t<\/div>\n\t\t\t\t\t\t\t\t\t\t\t\t<\/div>\n\t\t\t\t\t\t\t\t\t\t\t<\/div>\n\t\t\t\t\t\t\t\t\t\t\t\t\t\t\t\t\t\t\t\t\t<div class=\"accordion-block__item\">\n\t\t\t\t\t\t\t\t\t\t\t\t<h4>\u00c5rsskrift 2011-12<\/h4>\n\t\t\t\t\t\t\t\t\t\t\t\t<div class=\"accordion-block__item_content\">\n\t\t\t\t\t\t\t\t\t\t\t\t\t<div class=\"accordion-block__item_inner_content\">\n\t\t\t\t\t\t\t\t\t\t\t\t\t\t\t\t\t\t\t\t\t\t\t\t\t\t\t\t\t\t\t\t\t\t\t\t\t\t\t\t\t\t\t<a href=\"https:\/\/youngacademy.dk\/da\/aarsskriftet-2011-122\/\" class=\"btn-light btn mt-4 mb-4 btn-primary btn-lg accordion-block__button\" target=\"_self\">L\u00e6s \u00e5rsskriftet 2011-12<\/a>\n\t\t\t\t\t\t\t\t\t\t\t\t\t\t\t\t\t\t\t\t\t\t\t\t\t\t\t<\/div>\n\t\t\t\t\t\t\t\t\t\t\t\t<\/div>\n\t\t\t\t\t\t\t\t\t\t\t<\/div>\n\t\t\t\t\t\t\t\t\t\t\t\t\t\t\t\t\t\t\t<\/div>\n\n\t\t\t\t\t\t\t\t\t\t\t\t\t\t\t\t\t\t\t<div class=\"wave-pattern mt-5 mb-5 mb-lg-0\"><\/div>\n\t\t\t\t\t\t\t\t\t\t\t\t\t\t\t\t\t\t\n\t\t\t\t\t\t\t\t<\/div>\n\t\t\t\t\t\t\t\t\t\t\t\t\t\t<div class=\"d-flex flex-lg-row flex-column gap-4\">\n\t\t\t\t\t\t\t\t\t\t\t\t\t\t\t\t\t\t\t\t\t\t\t<\/div>\n\t\t\t\t\t\t<\/div>\n\t\t\t\t\t\t\t\t\t<\/div>\n\t\t\t<\/div>\n\t\t<\/div>\n\t<\/div>\n<\/section>\n","protected":false},"excerpt":{"rendered":"","protected":false},"author":13,"featured_media":0,"parent":0,"menu_order":0,"comment_status":"closed","ping_status":"closed","template":"","meta":{"_acf_changed":false,"footnotes":""},"class_list":["post-1897","page","type-page","status-publish","hentry"],"acf":[],"yoast_head":"<!-- This site is optimized with the Yoast SEO plugin v27.0 - https:\/\/yoast.com\/product\/yoast-seo-wordpress\/ -->\n<title>\u00c5rsskrift - DET UNGE AKADEMI<\/title>\n<meta name=\"robots\" content=\"index, follow, max-snippet:-1, max-image-preview:large, max-video-preview:-1\" \/>\n<link rel=\"canonical\" href=\"https:\/\/youngacademy.dk\/da\/arsskrift\/\" \/>\n<meta property=\"og:locale\" content=\"da_DK\" \/>\n<meta property=\"og:type\" content=\"article\" \/>\n<meta property=\"og:title\" content=\"\u00c5rsskrift - DET UNGE AKADEMI\" \/>\n<meta property=\"og:url\" content=\"https:\/\/youngacademy.dk\/da\/arsskrift\/\" \/>\n<meta property=\"og:site_name\" content=\"DET UNGE AKADEMI\" \/>\n<meta property=\"article:modified_time\" content=\"2026-02-10T12:16:28+00:00\" \/>\n<meta name=\"twitter:card\" content=\"summary_large_image\" \/>\n<script type=\"application\/ld+json\" class=\"yoast-schema-graph\">{\"@context\":\"https:\/\/schema.org\",\"@graph\":[{\"@type\":\"WebPage\",\"@id\":\"https:\/\/youngacademy.dk\/da\/arsskrift\/\",\"url\":\"https:\/\/youngacademy.dk\/da\/arsskrift\/\",\"name\":\"\u00c5rsskrift - DET UNGE AKADEMI\",\"isPartOf\":{\"@id\":\"https:\/\/youngacademy.dk\/da\/#website\"},\"datePublished\":\"2023-10-23T06:59:47+00:00\",\"dateModified\":\"2026-02-10T12:16:28+00:00\",\"breadcrumb\":{\"@id\":\"https:\/\/youngacademy.dk\/da\/arsskrift\/#breadcrumb\"},\"inLanguage\":\"da-DK\",\"potentialAction\":[{\"@type\":\"ReadAction\",\"target\":[\"https:\/\/youngacademy.dk\/da\/arsskrift\/\"]}]},{\"@type\":\"BreadcrumbList\",\"@id\":\"https:\/\/youngacademy.dk\/da\/arsskrift\/#breadcrumb\",\"itemListElement\":[{\"@type\":\"ListItem\",\"position\":1,\"name\":\"Hjem\",\"item\":\"https:\/\/youngacademy.dk\/da\/\"},{\"@type\":\"ListItem\",\"position\":2,\"name\":\"\u00c5rsskrift\"}]},{\"@type\":\"WebSite\",\"@id\":\"https:\/\/youngacademy.dk\/da\/#website\",\"url\":\"https:\/\/youngacademy.dk\/da\/\",\"name\":\"DET UNGE AKADEMI\",\"description\":\"\",\"publisher\":{\"@id\":\"https:\/\/youngacademy.dk\/da\/#organization\"},\"potentialAction\":[{\"@type\":\"SearchAction\",\"target\":{\"@type\":\"EntryPoint\",\"urlTemplate\":\"https:\/\/youngacademy.dk\/da\/?s={search_term_string}\"},\"query-input\":{\"@type\":\"PropertyValueSpecification\",\"valueRequired\":true,\"valueName\":\"search_term_string\"}}],\"inLanguage\":\"da-DK\"},{\"@type\":\"Organization\",\"@id\":\"https:\/\/youngacademy.dk\/da\/#organization\",\"name\":\"DET UNGE AKADEMI\",\"url\":\"https:\/\/youngacademy.dk\/da\/\",\"logo\":{\"@type\":\"ImageObject\",\"inLanguage\":\"da-DK\",\"@id\":\"https:\/\/youngacademy.dk\/da\/#\/schema\/logo\/image\/\",\"url\":\"https:\/\/youngacademy.dk\/wp-content\/uploads\/sites\/5\/2023\/05\/ya-favicon.svg\",\"contentUrl\":\"https:\/\/youngacademy.dk\/wp-content\/uploads\/sites\/5\/2023\/05\/ya-favicon.svg\",\"width\":179,\"height\":179,\"caption\":\"DET UNGE AKADEMI\"},\"image\":{\"@id\":\"https:\/\/youngacademy.dk\/da\/#\/schema\/logo\/image\/\"}}]}<\/script>\n<!-- \/ Yoast SEO plugin. -->","yoast_head_json":{"title":"\u00c5rsskrift - DET UNGE AKADEMI","robots":{"index":"index","follow":"follow","max-snippet":"max-snippet:-1","max-image-preview":"max-image-preview:large","max-video-preview":"max-video-preview:-1"},"canonical":"https:\/\/youngacademy.dk\/da\/arsskrift\/","og_locale":"da_DK","og_type":"article","og_title":"\u00c5rsskrift - DET UNGE AKADEMI","og_url":"https:\/\/youngacademy.dk\/da\/arsskrift\/","og_site_name":"DET UNGE AKADEMI","article_modified_time":"2026-02-10T12:16:28+00:00","twitter_card":"summary_large_image","schema":{"@context":"https:\/\/schema.org","@graph":[{"@type":"WebPage","@id":"https:\/\/youngacademy.dk\/da\/arsskrift\/","url":"https:\/\/youngacademy.dk\/da\/arsskrift\/","name":"\u00c5rsskrift - DET UNGE AKADEMI","isPartOf":{"@id":"https:\/\/youngacademy.dk\/da\/#website"},"datePublished":"2023-10-23T06:59:47+00:00","dateModified":"2026-02-10T12:16:28+00:00","breadcrumb":{"@id":"https:\/\/youngacademy.dk\/da\/arsskrift\/#breadcrumb"},"inLanguage":"da-DK","potentialAction":[{"@type":"ReadAction","target":["https:\/\/youngacademy.dk\/da\/arsskrift\/"]}]},{"@type":"BreadcrumbList","@id":"https:\/\/youngacademy.dk\/da\/arsskrift\/#breadcrumb","itemListElement":[{"@type":"ListItem","position":1,"name":"Hjem","item":"https:\/\/youngacademy.dk\/da\/"},{"@type":"ListItem","position":2,"name":"\u00c5rsskrift"}]},{"@type":"WebSite","@id":"https:\/\/youngacademy.dk\/da\/#website","url":"https:\/\/youngacademy.dk\/da\/","name":"DET UNGE AKADEMI","description":"","publisher":{"@id":"https:\/\/youngacademy.dk\/da\/#organization"},"potentialAction":[{"@type":"SearchAction","target":{"@type":"EntryPoint","urlTemplate":"https:\/\/youngacademy.dk\/da\/?s={search_term_string}"},"query-input":{"@type":"PropertyValueSpecification","valueRequired":true,"valueName":"search_term_string"}}],"inLanguage":"da-DK"},{"@type":"Organization","@id":"https:\/\/youngacademy.dk\/da\/#organization","name":"DET UNGE AKADEMI","url":"https:\/\/youngacademy.dk\/da\/","logo":{"@type":"ImageObject","inLanguage":"da-DK","@id":"https:\/\/youngacademy.dk\/da\/#\/schema\/logo\/image\/","url":"https:\/\/youngacademy.dk\/wp-content\/uploads\/sites\/5\/2023\/05\/ya-favicon.svg","contentUrl":"https:\/\/youngacademy.dk\/wp-content\/uploads\/sites\/5\/2023\/05\/ya-favicon.svg","width":179,"height":179,"caption":"DET UNGE AKADEMI"},"image":{"@id":"https:\/\/youngacademy.dk\/da\/#\/schema\/logo\/image\/"}}]}},"_links":{"self":[{"href":"https:\/\/youngacademy.dk\/da\/wp-json\/wp\/v2\/pages\/1897","targetHints":{"allow":["GET"]}}],"collection":[{"href":"https:\/\/youngacademy.dk\/da\/wp-json\/wp\/v2\/pages"}],"about":[{"href":"https:\/\/youngacademy.dk\/da\/wp-json\/wp\/v2\/types\/page"}],"author":[{"embeddable":true,"href":"https:\/\/youngacademy.dk\/da\/wp-json\/wp\/v2\/users\/13"}],"replies":[{"embeddable":true,"href":"https:\/\/youngacademy.dk\/da\/wp-json\/wp\/v2\/comments?post=1897"}],"version-history":[{"count":33,"href":"https:\/\/youngacademy.dk\/da\/wp-json\/wp\/v2\/pages\/1897\/revisions"}],"predecessor-version":[{"id":5630,"href":"https:\/\/youngacademy.dk\/da\/wp-json\/wp\/v2\/pages\/1897\/revisions\/5630"}],"wp:attachment":[{"href":"https:\/\/youngacademy.dk\/da\/wp-json\/wp\/v2\/media?parent=1897"}],"curies":[{"name":"wp","href":"https:\/\/api.w.org\/{rel}","templated":true}]}}