{"id":4932,"date":"2025-01-24T11:58:00","date_gmt":"2025-01-24T10:58:18","guid":{"rendered":"https:\/\/youngacademy.dk\/?page_id=4932"},"modified":"2026-02-10T11:56:41","modified_gmt":"2026-02-10T10:56:41","slug":"formidlingsudvalget-2024","status":"publish","type":"page","link":"https:\/\/youngacademy.dk\/da\/formidlingsudvalget-2024\/","title":{"rendered":"Formidlingsudvalget 2025"},"content":{"rendered":"\n\n<div class=\"d-flex flex-column one-column-text-block-wrapper fade-up \">\n\t<div class=\"mt-2 mb-2\">\n\t\t\n\t\t<div class=\"mb-3\">\n\t\t\t<p><strong>Formidlingsudvalget 2025<\/strong><\/p>\n\t\t<\/div>\n\t\t<p>Alexandra J\u00f8nsson<br \/>\nAmalie Skovm\u00f8ller<br \/>\nLau M\u00f8ller Andersen<br \/>\nNina Molin H\u00f8yland-Kroghsbo<br \/>\nTorsten B\u00f8gh Thomsen<br \/>\nAmani Meaidi<br \/>\nPatrick Munk<br \/>\nVibe Nielsen<br \/>\nAnja Simonsen<br \/>\nYevgeniy Golovchenko<br \/>\nAysel Eybil K\u00fc\u00e7\u00fcksu<br \/>\nElizabeth Li<\/p>\n\n\t\t<div class=\"d-flex flex-column flex-lg-row optional-button-wrapper mt-4 \">\n\t\t\t\t\t\t\t\t<\/div>\n\t<\/div>\n<\/div>\n","protected":false},"excerpt":{"rendered":"","protected":false},"author":170,"featured_media":0,"parent":0,"menu_order":0,"comment_status":"closed","ping_status":"closed","template":"","meta":{"_acf_changed":false,"footnotes":""},"class_list":["post-4932","page","type-page","status-publish","hentry"],"acf":[],"yoast_head":"<!-- This site is optimized with the Yoast SEO plugin v27.0 - https:\/\/yoast.com\/product\/yoast-seo-wordpress\/ -->\n<title>Formidlingsudvalget 2025 - DET UNGE AKADEMI<\/title>\n<meta name=\"robots\" content=\"index, follow, max-snippet:-1, max-image-preview:large, max-video-preview:-1\" \/>\n<link rel=\"canonical\" href=\"https:\/\/youngacademy.dk\/da\/formidlingsudvalget-2024\/\" \/>\n<meta property=\"og:locale\" content=\"da_DK\" \/>\n<meta property=\"og:type\" content=\"article\" \/>\n<meta property=\"og:title\" content=\"Formidlingsudvalget 2025 - DET UNGE AKADEMI\" \/>\n<meta property=\"og:url\" content=\"https:\/\/youngacademy.dk\/da\/formidlingsudvalget-2024\/\" \/>\n<meta property=\"og:site_name\" content=\"DET UNGE AKADEMI\" \/>\n<meta property=\"article:modified_time\" content=\"2026-02-10T10:56:41+00:00\" \/>\n<meta name=\"twitter:card\" content=\"summary_large_image\" \/>\n<script type=\"application\/ld+json\" class=\"yoast-schema-graph\">{\"@context\":\"https:\/\/schema.org\",\"@graph\":[{\"@type\":\"WebPage\",\"@id\":\"https:\/\/youngacademy.dk\/da\/formidlingsudvalget-2024\/\",\"url\":\"https:\/\/youngacademy.dk\/da\/formidlingsudvalget-2024\/\",\"name\":\"Formidlingsudvalget 2025 - DET UNGE AKADEMI\",\"isPartOf\":{\"@id\":\"https:\/\/youngacademy.dk\/da\/#website\"},\"datePublished\":\"2025-01-24T10:58:18+00:00\",\"dateModified\":\"2026-02-10T10:56:41+00:00\",\"breadcrumb\":{\"@id\":\"https:\/\/youngacademy.dk\/da\/formidlingsudvalget-2024\/#breadcrumb\"},\"inLanguage\":\"da-DK\",\"potentialAction\":[{\"@type\":\"ReadAction\",\"target\":[\"https:\/\/youngacademy.dk\/da\/formidlingsudvalget-2024\/\"]}]},{\"@type\":\"BreadcrumbList\",\"@id\":\"https:\/\/youngacademy.dk\/da\/formidlingsudvalget-2024\/#breadcrumb\",\"itemListElement\":[{\"@type\":\"ListItem\",\"position\":1,\"name\":\"Hjem\",\"item\":\"https:\/\/youngacademy.dk\/da\/\"},{\"@type\":\"ListItem\",\"position\":2,\"name\":\"Formidlingsudvalget 2025\"}]},{\"@type\":\"WebSite\",\"@id\":\"https:\/\/youngacademy.dk\/da\/#website\",\"url\":\"https:\/\/youngacademy.dk\/da\/\",\"name\":\"DET UNGE AKADEMI\",\"description\":\"\",\"publisher\":{\"@id\":\"https:\/\/youngacademy.dk\/da\/#organization\"},\"potentialAction\":[{\"@type\":\"SearchAction\",\"target\":{\"@type\":\"EntryPoint\",\"urlTemplate\":\"https:\/\/youngacademy.dk\/da\/?s={search_term_string}\"},\"query-input\":{\"@type\":\"PropertyValueSpecification\",\"valueRequired\":true,\"valueName\":\"search_term_string\"}}],\"inLanguage\":\"da-DK\"},{\"@type\":\"Organization\",\"@id\":\"https:\/\/youngacademy.dk\/da\/#organization\",\"name\":\"DET UNGE AKADEMI\",\"url\":\"https:\/\/youngacademy.dk\/da\/\",\"logo\":{\"@type\":\"ImageObject\",\"inLanguage\":\"da-DK\",\"@id\":\"https:\/\/youngacademy.dk\/da\/#\/schema\/logo\/image\/\",\"url\":\"https:\/\/youngacademy.dk\/wp-content\/uploads\/sites\/5\/2023\/05\/ya-favicon.svg\",\"contentUrl\":\"https:\/\/youngacademy.dk\/wp-content\/uploads\/sites\/5\/2023\/05\/ya-favicon.svg\",\"width\":179,\"height\":179,\"caption\":\"DET UNGE AKADEMI\"},\"image\":{\"@id\":\"https:\/\/youngacademy.dk\/da\/#\/schema\/logo\/image\/\"}}]}<\/script>\n<!-- \/ Yoast SEO plugin. -->","yoast_head_json":{"title":"Formidlingsudvalget 2025 - DET UNGE AKADEMI","robots":{"index":"index","follow":"follow","max-snippet":"max-snippet:-1","max-image-preview":"max-image-preview:large","max-video-preview":"max-video-preview:-1"},"canonical":"https:\/\/youngacademy.dk\/da\/formidlingsudvalget-2024\/","og_locale":"da_DK","og_type":"article","og_title":"Formidlingsudvalget 2025 - DET UNGE AKADEMI","og_url":"https:\/\/youngacademy.dk\/da\/formidlingsudvalget-2024\/","og_site_name":"DET UNGE AKADEMI","article_modified_time":"2026-02-10T10:56:41+00:00","twitter_card":"summary_large_image","schema":{"@context":"https:\/\/schema.org","@graph":[{"@type":"WebPage","@id":"https:\/\/youngacademy.dk\/da\/formidlingsudvalget-2024\/","url":"https:\/\/youngacademy.dk\/da\/formidlingsudvalget-2024\/","name":"Formidlingsudvalget 2025 - DET UNGE AKADEMI","isPartOf":{"@id":"https:\/\/youngacademy.dk\/da\/#website"},"datePublished":"2025-01-24T10:58:18+00:00","dateModified":"2026-02-10T10:56:41+00:00","breadcrumb":{"@id":"https:\/\/youngacademy.dk\/da\/formidlingsudvalget-2024\/#breadcrumb"},"inLanguage":"da-DK","potentialAction":[{"@type":"ReadAction","target":["https:\/\/youngacademy.dk\/da\/formidlingsudvalget-2024\/"]}]},{"@type":"BreadcrumbList","@id":"https:\/\/youngacademy.dk\/da\/formidlingsudvalget-2024\/#breadcrumb","itemListElement":[{"@type":"ListItem","position":1,"name":"Hjem","item":"https:\/\/youngacademy.dk\/da\/"},{"@type":"ListItem","position":2,"name":"Formidlingsudvalget 2025"}]},{"@type":"WebSite","@id":"https:\/\/youngacademy.dk\/da\/#website","url":"https:\/\/youngacademy.dk\/da\/","name":"DET UNGE AKADEMI","description":"","publisher":{"@id":"https:\/\/youngacademy.dk\/da\/#organization"},"potentialAction":[{"@type":"SearchAction","target":{"@type":"EntryPoint","urlTemplate":"https:\/\/youngacademy.dk\/da\/?s={search_term_string}"},"query-input":{"@type":"PropertyValueSpecification","valueRequired":true,"valueName":"search_term_string"}}],"inLanguage":"da-DK"},{"@type":"Organization","@id":"https:\/\/youngacademy.dk\/da\/#organization","name":"DET UNGE AKADEMI","url":"https:\/\/youngacademy.dk\/da\/","logo":{"@type":"ImageObject","inLanguage":"da-DK","@id":"https:\/\/youngacademy.dk\/da\/#\/schema\/logo\/image\/","url":"https:\/\/youngacademy.dk\/wp-content\/uploads\/sites\/5\/2023\/05\/ya-favicon.svg","contentUrl":"https:\/\/youngacademy.dk\/wp-content\/uploads\/sites\/5\/2023\/05\/ya-favicon.svg","width":179,"height":179,"caption":"DET UNGE AKADEMI"},"image":{"@id":"https:\/\/youngacademy.dk\/da\/#\/schema\/logo\/image\/"}}]}},"_links":{"self":[{"href":"https:\/\/youngacademy.dk\/da\/wp-json\/wp\/v2\/pages\/4932","targetHints":{"allow":["GET"]}}],"collection":[{"href":"https:\/\/youngacademy.dk\/da\/wp-json\/wp\/v2\/pages"}],"about":[{"href":"https:\/\/youngacademy.dk\/da\/wp-json\/wp\/v2\/types\/page"}],"author":[{"embeddable":true,"href":"https:\/\/youngacademy.dk\/da\/wp-json\/wp\/v2\/users\/170"}],"replies":[{"embeddable":true,"href":"https:\/\/youngacademy.dk\/da\/wp-json\/wp\/v2\/comments?post=4932"}],"version-history":[{"count":10,"href":"https:\/\/youngacademy.dk\/da\/wp-json\/wp\/v2\/pages\/4932\/revisions"}],"predecessor-version":[{"id":5610,"href":"https:\/\/youngacademy.dk\/da\/wp-json\/wp\/v2\/pages\/4932\/revisions\/5610"}],"wp:attachment":[{"href":"https:\/\/youngacademy.dk\/da\/wp-json\/wp\/v2\/media?parent=4932"}],"curies":[{"name":"wp","href":"https:\/\/api.w.org\/{rel}","templated":true}]}}