{"id":1076,"date":"2023-10-09T21:58:57","date_gmt":"2023-10-09T19:58:57","guid":{"rendered":"https:\/\/young-academy.stage.royalacademy.twentyfour.dev\/?page_id=1076"},"modified":"2025-01-14T15:44:40","modified_gmt":"2025-01-14T14:44:40","slug":"forskningsmiljoprisen","status":"publish","type":"page","link":"https:\/\/youngacademy.dk\/en\/forskningsmiljoprisen\/","title":{"rendered":"Forskningsmilj\u00f8prisen"},"content":{"rendered":"<section class=\"block-two-column-text  block bg-dark\">\n    <div class=\"custom-container\">\n        <div class=\"fade-up row justify-content-end\">\n            <div class=\"col-12 col-xl-11\">\n                <div class=\"row justify-content-between\">\n                                            <div class=\"col-lg-5 d-flex flex-column row-gap-4\">\n                                                        <h2><h1>Forskningsmilj\u00f8prisen<\/h1>\r\n\r\n<p>Det Unge Akademi har for andet \u00e5r uddelt prisen for \u00e5rets danske forskningsmilj\u00f8, hvor juniorforskere kan indstille deres forskningsmilj\u00f8 til prisen. Udover anerkendelsen f\u00f8lger der 10.000 kr. med til et fagligt eller socialt arrangement.<\/p><\/h2>\n                                                            <div class=\"wave-pattern mt-5 mb-5 mb-lg-0\"><\/div>\n                                                    <\/div>\n                                                                <div class=\"col-lg-6 second-col\">\n                                                            <p>&nbsp;<\/p>\n<p>&nbsp;<\/p>\n<p>Gode forskningsmilj\u00f8er g\u00f8r forskningen bedre. I Det Unge Akademi ved vi, hvor vigtigt det er for unge forskeres talentudvikling at indg\u00e5 i gode forskningsf\u00e6llesskaber. Derfor har vi indstiftet en pris, der anerkender forskningsmilj\u00f8ets betydning for den enkelte forskers arbejde, pr\u00e6stationer og velv\u00e6re, og anerkender deltagernes bidrag til f\u00e6llesskabet. Vores m\u00e5l er at starte en samtale om de kvaliteter, der kendetegner et godt forskningsmilj\u00f8.<br \/>\nL\u00e6s ogs\u00e5 artikel i Universitetsavisen (KU) om prisen.<\/p>\n<p>&nbsp;<\/p>\n                                                        <div class=\"d-flex flex-lg-row flex-column gap-4\">\n\t\t\t\t\t\t\t\t\t\t\t\t\t\t\t\t\t\t\t\t\t\t\t\t\t\t\t<a href=\"https:\/\/uniavisen.dk\/det-unge-akademi-derfor-beloenner-vi-det-bedste-forskningsmiljoe\/\" target=\"\" class=\"justify-content-between primary-cta btn-light btn mt-lg-4 btn-primary btn-lg\">L\u00e6s ogs\u00e5 artikel i Universitetsavisen (KU) <i class=\"arrow-left\"><\/i><\/a>\n\t\t\t\t\t\t\t\t\t\t\t\t\t\t\t\t\t\t\t\t\t\t\t\t\t                            <\/div>\n                        <\/div>\n                                    <\/div>\n            <\/div>\n        <\/div>\n    <\/div>\n<\/section>\n\n\n","protected":false},"excerpt":{"rendered":"","protected":false},"author":13,"featured_media":0,"parent":0,"menu_order":1,"comment_status":"closed","ping_status":"closed","template":"","meta":{"_acf_changed":false,"footnotes":""},"class_list":["post-1076","page","type-page","status-publish","hentry"],"acf":[],"yoast_head":"<!-- This site is optimized with the Yoast SEO plugin v27.0 - https:\/\/yoast.com\/product\/yoast-seo-wordpress\/ -->\n<title>Forskningsmilj\u00f8prisen - DET UNGE AKADEMI<\/title>\n<meta name=\"robots\" content=\"index, follow, max-snippet:-1, max-image-preview:large, max-video-preview:-1\" \/>\n<link rel=\"canonical\" href=\"https:\/\/youngacademy.dk\/da\/forskningsmiljoprisen\/\" \/>\n<meta property=\"og:locale\" content=\"en_US\" \/>\n<meta property=\"og:type\" content=\"article\" \/>\n<meta property=\"og:title\" content=\"Forskningsmilj\u00f8prisen - DET UNGE AKADEMI\" \/>\n<meta property=\"og:url\" content=\"https:\/\/youngacademy.dk\/da\/forskningsmiljoprisen\/\" \/>\n<meta property=\"og:site_name\" content=\"DET UNGE AKADEMI\" \/>\n<meta property=\"article:modified_time\" content=\"2025-01-14T14:44:40+00:00\" \/>\n<meta name=\"twitter:card\" content=\"summary_large_image\" \/>\n<script type=\"application\/ld+json\" class=\"yoast-schema-graph\">{\"@context\":\"https:\/\/schema.org\",\"@graph\":[{\"@type\":\"WebPage\",\"@id\":\"https:\/\/youngacademy.dk\/da\/forskningsmiljoprisen\/\",\"url\":\"https:\/\/youngacademy.dk\/da\/forskningsmiljoprisen\/\",\"name\":\"Forskningsmilj\u00f8prisen - DET UNGE AKADEMI\",\"isPartOf\":{\"@id\":\"https:\/\/youngacademy.dk\/da\/#website\"},\"datePublished\":\"2023-10-09T19:58:57+00:00\",\"dateModified\":\"2025-01-14T14:44:40+00:00\",\"breadcrumb\":{\"@id\":\"https:\/\/youngacademy.dk\/da\/forskningsmiljoprisen\/#breadcrumb\"},\"inLanguage\":\"en-US\",\"potentialAction\":[{\"@type\":\"ReadAction\",\"target\":[\"https:\/\/youngacademy.dk\/da\/forskningsmiljoprisen\/\"]}]},{\"@type\":\"BreadcrumbList\",\"@id\":\"https:\/\/youngacademy.dk\/da\/forskningsmiljoprisen\/#breadcrumb\",\"itemListElement\":[{\"@type\":\"ListItem\",\"position\":1,\"name\":\"Hjem\",\"item\":\"https:\/\/youngacademy.dk\/en\/forside\/\"},{\"@type\":\"ListItem\",\"position\":2,\"name\":\"Forskningsmilj\u00f8prisen\"}]},{\"@type\":\"WebSite\",\"@id\":\"https:\/\/youngacademy.dk\/da\/#website\",\"url\":\"https:\/\/youngacademy.dk\/da\/\",\"name\":\"DET UNGE AKADEMI\",\"description\":\"\",\"publisher\":{\"@id\":\"https:\/\/youngacademy.dk\/da\/#organization\"},\"potentialAction\":[{\"@type\":\"SearchAction\",\"target\":{\"@type\":\"EntryPoint\",\"urlTemplate\":\"https:\/\/youngacademy.dk\/da\/?s={search_term_string}\"},\"query-input\":{\"@type\":\"PropertyValueSpecification\",\"valueRequired\":true,\"valueName\":\"search_term_string\"}}],\"inLanguage\":\"en-US\"},{\"@type\":\"Organization\",\"@id\":\"https:\/\/youngacademy.dk\/da\/#organization\",\"name\":\"DET UNGE AKADEMI\",\"url\":\"https:\/\/youngacademy.dk\/da\/\",\"logo\":{\"@type\":\"ImageObject\",\"inLanguage\":\"en-US\",\"@id\":\"https:\/\/youngacademy.dk\/da\/#\/schema\/logo\/image\/\",\"url\":\"https:\/\/youngacademy.dk\/wp-content\/uploads\/sites\/5\/2023\/05\/ya-favicon.svg\",\"contentUrl\":\"https:\/\/youngacademy.dk\/wp-content\/uploads\/sites\/5\/2023\/05\/ya-favicon.svg\",\"width\":179,\"height\":179,\"caption\":\"DET UNGE AKADEMI\"},\"image\":{\"@id\":\"https:\/\/youngacademy.dk\/da\/#\/schema\/logo\/image\/\"}}]}<\/script>\n<!-- \/ Yoast SEO plugin. -->","yoast_head_json":{"title":"Forskningsmilj\u00f8prisen - DET UNGE AKADEMI","robots":{"index":"index","follow":"follow","max-snippet":"max-snippet:-1","max-image-preview":"max-image-preview:large","max-video-preview":"max-video-preview:-1"},"canonical":"https:\/\/youngacademy.dk\/da\/forskningsmiljoprisen\/","og_locale":"en_US","og_type":"article","og_title":"Forskningsmilj\u00f8prisen - DET UNGE AKADEMI","og_url":"https:\/\/youngacademy.dk\/da\/forskningsmiljoprisen\/","og_site_name":"DET UNGE AKADEMI","article_modified_time":"2025-01-14T14:44:40+00:00","twitter_card":"summary_large_image","schema":{"@context":"https:\/\/schema.org","@graph":[{"@type":"WebPage","@id":"https:\/\/youngacademy.dk\/da\/forskningsmiljoprisen\/","url":"https:\/\/youngacademy.dk\/da\/forskningsmiljoprisen\/","name":"Forskningsmilj\u00f8prisen - DET UNGE AKADEMI","isPartOf":{"@id":"https:\/\/youngacademy.dk\/da\/#website"},"datePublished":"2023-10-09T19:58:57+00:00","dateModified":"2025-01-14T14:44:40+00:00","breadcrumb":{"@id":"https:\/\/youngacademy.dk\/da\/forskningsmiljoprisen\/#breadcrumb"},"inLanguage":"en-US","potentialAction":[{"@type":"ReadAction","target":["https:\/\/youngacademy.dk\/da\/forskningsmiljoprisen\/"]}]},{"@type":"BreadcrumbList","@id":"https:\/\/youngacademy.dk\/da\/forskningsmiljoprisen\/#breadcrumb","itemListElement":[{"@type":"ListItem","position":1,"name":"Hjem","item":"https:\/\/youngacademy.dk\/en\/forside\/"},{"@type":"ListItem","position":2,"name":"Forskningsmilj\u00f8prisen"}]},{"@type":"WebSite","@id":"https:\/\/youngacademy.dk\/da\/#website","url":"https:\/\/youngacademy.dk\/da\/","name":"DET UNGE AKADEMI","description":"","publisher":{"@id":"https:\/\/youngacademy.dk\/da\/#organization"},"potentialAction":[{"@type":"SearchAction","target":{"@type":"EntryPoint","urlTemplate":"https:\/\/youngacademy.dk\/da\/?s={search_term_string}"},"query-input":{"@type":"PropertyValueSpecification","valueRequired":true,"valueName":"search_term_string"}}],"inLanguage":"en-US"},{"@type":"Organization","@id":"https:\/\/youngacademy.dk\/da\/#organization","name":"DET UNGE AKADEMI","url":"https:\/\/youngacademy.dk\/da\/","logo":{"@type":"ImageObject","inLanguage":"en-US","@id":"https:\/\/youngacademy.dk\/da\/#\/schema\/logo\/image\/","url":"https:\/\/youngacademy.dk\/wp-content\/uploads\/sites\/5\/2023\/05\/ya-favicon.svg","contentUrl":"https:\/\/youngacademy.dk\/wp-content\/uploads\/sites\/5\/2023\/05\/ya-favicon.svg","width":179,"height":179,"caption":"DET UNGE AKADEMI"},"image":{"@id":"https:\/\/youngacademy.dk\/da\/#\/schema\/logo\/image\/"}}]}},"_links":{"self":[{"href":"https:\/\/youngacademy.dk\/en\/wp-json\/wp\/v2\/pages\/1076","targetHints":{"allow":["GET"]}}],"collection":[{"href":"https:\/\/youngacademy.dk\/en\/wp-json\/wp\/v2\/pages"}],"about":[{"href":"https:\/\/youngacademy.dk\/en\/wp-json\/wp\/v2\/types\/page"}],"author":[{"embeddable":true,"href":"https:\/\/youngacademy.dk\/en\/wp-json\/wp\/v2\/users\/13"}],"replies":[{"embeddable":true,"href":"https:\/\/youngacademy.dk\/en\/wp-json\/wp\/v2\/comments?post=1076"}],"version-history":[{"count":53,"href":"https:\/\/youngacademy.dk\/en\/wp-json\/wp\/v2\/pages\/1076\/revisions"}],"predecessor-version":[{"id":4878,"href":"https:\/\/youngacademy.dk\/en\/wp-json\/wp\/v2\/pages\/1076\/revisions\/4878"}],"wp:attachment":[{"href":"https:\/\/youngacademy.dk\/en\/wp-json\/wp\/v2\/media?parent=1076"}],"curies":[{"name":"wp","href":"https:\/\/api.w.org\/{rel}","templated":true}]}}