{"id":11,"date":"2024-01-25T10:00:00","date_gmt":"2024-01-25T09:00:00","guid":{"rendered":"https:\/\/young-academy.kris.royalacademy.twentyfour.dev\/?page_id=11"},"modified":"2026-03-02T14:41:51","modified_gmt":"2026-03-02T13:41:51","slug":"optagelse","status":"publish","type":"page","link":"https:\/\/youngacademy.dk\/en\/optagelse\/","title":{"rendered":"Optagelse"},"content":{"rendered":"\n<section class=\"bg-light\">\n    <div class=\"dynamic-column-text-block\">\n        <div class=\"custom-container\">\n\t\t\t<div class=\"row justify-content-end\">\n\t\t\t\t<div class=\"col-12 col-xl-11\">\n\t\t\t\t\t<div class=\"justify-content-end column-count-2 grid-row-gap-0 align-items-baseline\">\n\t\t\t\t\t\t\t\t\t\t\t\t\t<h1 class=\"fade-up mb-4\"> Optagelse i Det Unge Akademi <\/h1>\n\t\t\t\t\t\t\t\t\t\t\t\t\t\t\t\t\t\t\t<h1 class=\"fade-up mb-4 hide-mobile\"> Hvordan ans\u00f8ger man? <\/h1>\n\t\t\t\t\t\t\t\t\t\t\t\t\t\t\t\t\t<\/div>\n\t\t\t\t\t<div class=\"justify-content-end column-count-2\">\n\t\t\t\t\t\t<div class=\"fade-up p-0 d-flex flex-column\">\n\t\t\t\t\t\t\t<p><strong>Der er lukket for ans\u00f8gninger til optagelse i Det Unge Akademi<\/strong><\/p>\n<p><strong>N\u00e6ste ans\u00f8gningsrunde er februar 2027<\/strong><\/p>\n<h4>Hvem kan ans\u00f8ge?<\/h4>\n<p>Ans\u00f8gninger modtages fra yngre forskere fra alle videnskabelige omr\u00e5der, idet hensigten med Akademiet er at skabe et tv\u00e6r- og grundvidenskabeligt forum, hvor der kan debatteres med udgangspunkt i eget speciale. Det er hensigten at styrke unge forskeres netv\u00e6rk og blik for andre videnskaber, der kan bidrage med nyt lys over eget forskningsomr\u00e5de. Det forventes, at ans\u00f8gere interesserer sig for og tager udgangspunkt i det danske forskningsmilj\u00f8.<\/p>\n<p>Nye medlemmer forventes at have:<\/p>\n<ul>\n<li>afsluttet en ph.d.-grad inden for tre til syv \u00e5r p\u00e5 ans\u00f8gningstidspunktet<\/li>\n<li>\u00a0ydet et vigtigt selvst\u00e6ndigt bidrag til forskningen, fx i form af en v\u00e6gtig publikation<\/li>\n<li>en fast tilknytning til det danske forskingsmilj\u00f8 (fx i form af ans\u00e6ttelse p\u00e5 et dansk forskningsinstitut<\/li>\n<\/ul>\n<p>Der tages hensyn til eventuelle frav\u00e6rsperioder, f.eks. p\u00e5 grund af barselsorlov.<\/p>\n<p>Et medlemskab varer fem \u00e5r og opn\u00e5s p\u00e5 baggrund af ans\u00f8gning efterfulgt af et interview. Interviews afholdes normalvis i april. Fremm\u00f8de til interview er en foruds\u00e6tning for, at man kan komme i betragtning til optagelse.<\/p>\n<p>Det Unge Akademi ser mangfoldighed som styrke og opfordrer alle kvalificerede, uanset baggrund, til at s\u00f8ge. Det forventes dog, at ans\u00f8ger kan forst\u00e5 og tale dansk p\u00e5 dagligdags niveau, som er Akademiets arbejdssprog. Ans\u00f8gningen b\u00f8r skrives p\u00e5 dansk, hvis det er ans\u00f8geren muligt. Interviewet vil foreg\u00e5 p\u00e5 dansk.<\/p>\n\t\t\t\t\t\t\t<div class=\"d-flex flex-column\">\n\t\t\t\t\t\t\t\t\t\t\t\t\t\t\t\t\t\t\t\t\t\t\t<\/div>\n\t\t\t\t\t\t<\/div>\n\t\t\t\t\t\t<div class=\"fade-up p-0 d-flex flex-column\">\n\t\t\t\t\t\t\t\t\t\t\t\t\t\t\t<h1 class=\"fade-up mb-4 mobile\"> Hvordan ans\u00f8ger man? <\/h1>\n\t\t\t\t\t\t\t\t\t\t\t\t\t\t\t\t\t\t\t\t\t\t<p>N\u00e5r der \u00e5bnes for ans\u00f8gninger, kan du ans\u00f8ge ved at udfylde ans\u00f8gningsformularen p\u00e5 knappen nedenfor, hvortil f\u00f8lgende bedes vedh\u00e6ftet som \u00e9n samlet pdf-fil:<\/p>\n<ul>\n<li>Et opdateret CV (max. 1 side) med anf\u00f8relse af evt. udlandsophold og bevillinger<\/li>\n<li>En fuldst\u00e6ndig publikationsliste ordnet efter type og \u00e5rstal<\/li>\n<\/ul>\n<p>Ans\u00f8gningen b\u00f8r skrives p\u00e5 dansk, hvis det er muligt for ans\u00f8geren.<\/p>\n<p>KONTAKT:<br \/>\n<a href=\"mailto:dua@kdvs.dk\">dua@kdvs.dk<\/a><br \/>\nVictor Kalsen Nissen, Politisk Konsulent<br \/>\ntlf. 31790562<\/p>\n\t\t\t\t\t\t\t\t\t\t\t\t\t\t<div class=\"d-flex flex-column\">\n\t\t\t\t\t\t\t\t\t\t\t\t\t\t\t\t\t\t\t\t\t\t\t\t\t\t\t<a href=\"https:\/\/surveys.enalyzer.com?pid=hm7sisek\" target=\"\" class=\"justify-content-between primary-cta btn-light btn mt-4 btn-primary btn-lg dynamic-column-button\">Ans\u00f8gning <i class=\"arrow-left\"><\/i><\/a>\n\t\t\t\t\t\t\t\t\t\t\t\t\t\t\t\t\t\t\t\t\t\t\t\t\t\t\t\t\t\t\t\t<\/div>\n\t\t\t\t\t\t<\/div>\n\t\t\t\t\t\t<div class=\"fade-up p-0 d-flex flex-column\">\n\t\t\t\t\t\t\t\t\t\t\t\t\t\t\t\t\t\t\t\t\t\t\t\t\t\t\t\t\t\t\t\t\t\t\t\t<div class=\"d-flex flex-column\">\n\t\t\t\t\t\t\t\t\t\t\t\t\t\t\t\t\t\t\t\t\t\t\t<\/div>\n\t\t\t\t\t\t<\/div>\n\t\t\t\t\t<\/div>\n\t\t\t\t<\/div>\n            <\/div>\n        <\/div>\n    <\/div>\n<\/section>\n","protected":false},"excerpt":{"rendered":"","protected":false},"author":2,"featured_media":5320,"parent":0,"menu_order":13,"comment_status":"closed","ping_status":"closed","template":"","meta":{"_acf_changed":false,"footnotes":""},"class_list":["post-11","page","type-page","status-publish","has-post-thumbnail","hentry"],"acf":[],"yoast_head":"<!-- This site is optimized with the Yoast SEO plugin v27.0 - https:\/\/yoast.com\/product\/yoast-seo-wordpress\/ -->\n<title>Optagelse - DET UNGE AKADEMI<\/title>\n<meta name=\"robots\" content=\"index, follow, max-snippet:-1, max-image-preview:large, max-video-preview:-1\" \/>\n<link rel=\"canonical\" href=\"https:\/\/youngacademy.dk\/da\/optagelse\/\" \/>\n<meta property=\"og:locale\" content=\"en_US\" \/>\n<meta property=\"og:type\" content=\"article\" \/>\n<meta property=\"og:title\" content=\"Optagelse - DET UNGE AKADEMI\" \/>\n<meta property=\"og:url\" content=\"https:\/\/youngacademy.dk\/da\/optagelse\/\" \/>\n<meta property=\"og:site_name\" content=\"DET UNGE AKADEMI\" \/>\n<meta property=\"article:modified_time\" content=\"2026-03-02T13:41:51+00:00\" \/>\n<meta property=\"og:image\" content=\"https:\/\/youngacademy.dk\/wp-content\/uploads\/sites\/5\/2025\/09\/dua_team_2025.jpg\" \/>\n\t<meta property=\"og:image:width\" content=\"1772\" \/>\n\t<meta property=\"og:image:height\" content=\"1181\" \/>\n\t<meta property=\"og:image:type\" content=\"image\/jpeg\" \/>\n<meta name=\"twitter:card\" content=\"summary_large_image\" \/>\n<meta name=\"twitter:label1\" content=\"Est. reading time\" \/>\n\t<meta name=\"twitter:data1\" content=\"1 minute\" \/>\n<script type=\"application\/ld+json\" class=\"yoast-schema-graph\">{\"@context\":\"https:\/\/schema.org\",\"@graph\":[{\"@type\":\"WebPage\",\"@id\":\"https:\/\/youngacademy.dk\/da\/optagelse\/\",\"url\":\"https:\/\/youngacademy.dk\/da\/optagelse\/\",\"name\":\"Optagelse - DET UNGE AKADEMI\",\"isPartOf\":{\"@id\":\"https:\/\/youngacademy.dk\/da\/#website\"},\"primaryImageOfPage\":{\"@id\":\"https:\/\/youngacademy.dk\/da\/optagelse\/#primaryimage\"},\"image\":{\"@id\":\"https:\/\/youngacademy.dk\/da\/optagelse\/#primaryimage\"},\"thumbnailUrl\":\"https:\/\/youngacademy.dk\/wp-content\/uploads\/sites\/5\/2025\/09\/dua_team_2025.jpg\",\"datePublished\":\"2024-01-25T09:00:00+00:00\",\"dateModified\":\"2026-03-02T13:41:51+00:00\",\"breadcrumb\":{\"@id\":\"https:\/\/youngacademy.dk\/da\/optagelse\/#breadcrumb\"},\"inLanguage\":\"en-US\",\"potentialAction\":[{\"@type\":\"ReadAction\",\"target\":[\"https:\/\/youngacademy.dk\/da\/optagelse\/\"]}]},{\"@type\":\"ImageObject\",\"inLanguage\":\"en-US\",\"@id\":\"https:\/\/youngacademy.dk\/da\/optagelse\/#primaryimage\",\"url\":\"https:\/\/youngacademy.dk\/wp-content\/uploads\/sites\/5\/2025\/09\/dua_team_2025.jpg\",\"contentUrl\":\"https:\/\/youngacademy.dk\/wp-content\/uploads\/sites\/5\/2025\/09\/dua_team_2025.jpg\",\"width\":1772,\"height\":1181,\"caption\":\"Foto: Det Unge Akademi\/Lars Svankj\u00e6r\"},{\"@type\":\"BreadcrumbList\",\"@id\":\"https:\/\/youngacademy.dk\/da\/optagelse\/#breadcrumb\",\"itemListElement\":[{\"@type\":\"ListItem\",\"position\":1,\"name\":\"Hjem\",\"item\":\"https:\/\/youngacademy.dk\/en\/forside\/\"},{\"@type\":\"ListItem\",\"position\":2,\"name\":\"Optagelse\"}]},{\"@type\":\"WebSite\",\"@id\":\"https:\/\/youngacademy.dk\/da\/#website\",\"url\":\"https:\/\/youngacademy.dk\/da\/\",\"name\":\"DET UNGE AKADEMI\",\"description\":\"\",\"publisher\":{\"@id\":\"https:\/\/youngacademy.dk\/da\/#organization\"},\"potentialAction\":[{\"@type\":\"SearchAction\",\"target\":{\"@type\":\"EntryPoint\",\"urlTemplate\":\"https:\/\/youngacademy.dk\/da\/?s={search_term_string}\"},\"query-input\":{\"@type\":\"PropertyValueSpecification\",\"valueRequired\":true,\"valueName\":\"search_term_string\"}}],\"inLanguage\":\"en-US\"},{\"@type\":\"Organization\",\"@id\":\"https:\/\/youngacademy.dk\/da\/#organization\",\"name\":\"DET UNGE AKADEMI\",\"url\":\"https:\/\/youngacademy.dk\/da\/\",\"logo\":{\"@type\":\"ImageObject\",\"inLanguage\":\"en-US\",\"@id\":\"https:\/\/youngacademy.dk\/da\/#\/schema\/logo\/image\/\",\"url\":\"https:\/\/youngacademy.dk\/wp-content\/uploads\/sites\/5\/2023\/05\/ya-favicon.svg\",\"contentUrl\":\"https:\/\/youngacademy.dk\/wp-content\/uploads\/sites\/5\/2023\/05\/ya-favicon.svg\",\"width\":179,\"height\":179,\"caption\":\"DET UNGE AKADEMI\"},\"image\":{\"@id\":\"https:\/\/youngacademy.dk\/da\/#\/schema\/logo\/image\/\"}}]}<\/script>\n<!-- \/ Yoast SEO plugin. -->","yoast_head_json":{"title":"Optagelse - DET UNGE AKADEMI","robots":{"index":"index","follow":"follow","max-snippet":"max-snippet:-1","max-image-preview":"max-image-preview:large","max-video-preview":"max-video-preview:-1"},"canonical":"https:\/\/youngacademy.dk\/da\/optagelse\/","og_locale":"en_US","og_type":"article","og_title":"Optagelse - DET UNGE AKADEMI","og_url":"https:\/\/youngacademy.dk\/da\/optagelse\/","og_site_name":"DET UNGE AKADEMI","article_modified_time":"2026-03-02T13:41:51+00:00","og_image":[{"width":1772,"height":1181,"url":"https:\/\/youngacademy.dk\/wp-content\/uploads\/sites\/5\/2025\/09\/dua_team_2025.jpg","type":"image\/jpeg"}],"twitter_card":"summary_large_image","twitter_misc":{"Est. reading time":"1 minute"},"schema":{"@context":"https:\/\/schema.org","@graph":[{"@type":"WebPage","@id":"https:\/\/youngacademy.dk\/da\/optagelse\/","url":"https:\/\/youngacademy.dk\/da\/optagelse\/","name":"Optagelse - DET UNGE AKADEMI","isPartOf":{"@id":"https:\/\/youngacademy.dk\/da\/#website"},"primaryImageOfPage":{"@id":"https:\/\/youngacademy.dk\/da\/optagelse\/#primaryimage"},"image":{"@id":"https:\/\/youngacademy.dk\/da\/optagelse\/#primaryimage"},"thumbnailUrl":"https:\/\/youngacademy.dk\/wp-content\/uploads\/sites\/5\/2025\/09\/dua_team_2025.jpg","datePublished":"2024-01-25T09:00:00+00:00","dateModified":"2026-03-02T13:41:51+00:00","breadcrumb":{"@id":"https:\/\/youngacademy.dk\/da\/optagelse\/#breadcrumb"},"inLanguage":"en-US","potentialAction":[{"@type":"ReadAction","target":["https:\/\/youngacademy.dk\/da\/optagelse\/"]}]},{"@type":"ImageObject","inLanguage":"en-US","@id":"https:\/\/youngacademy.dk\/da\/optagelse\/#primaryimage","url":"https:\/\/youngacademy.dk\/wp-content\/uploads\/sites\/5\/2025\/09\/dua_team_2025.jpg","contentUrl":"https:\/\/youngacademy.dk\/wp-content\/uploads\/sites\/5\/2025\/09\/dua_team_2025.jpg","width":1772,"height":1181,"caption":"Foto: Det Unge Akademi\/Lars Svankj\u00e6r"},{"@type":"BreadcrumbList","@id":"https:\/\/youngacademy.dk\/da\/optagelse\/#breadcrumb","itemListElement":[{"@type":"ListItem","position":1,"name":"Hjem","item":"https:\/\/youngacademy.dk\/en\/forside\/"},{"@type":"ListItem","position":2,"name":"Optagelse"}]},{"@type":"WebSite","@id":"https:\/\/youngacademy.dk\/da\/#website","url":"https:\/\/youngacademy.dk\/da\/","name":"DET UNGE AKADEMI","description":"","publisher":{"@id":"https:\/\/youngacademy.dk\/da\/#organization"},"potentialAction":[{"@type":"SearchAction","target":{"@type":"EntryPoint","urlTemplate":"https:\/\/youngacademy.dk\/da\/?s={search_term_string}"},"query-input":{"@type":"PropertyValueSpecification","valueRequired":true,"valueName":"search_term_string"}}],"inLanguage":"en-US"},{"@type":"Organization","@id":"https:\/\/youngacademy.dk\/da\/#organization","name":"DET UNGE AKADEMI","url":"https:\/\/youngacademy.dk\/da\/","logo":{"@type":"ImageObject","inLanguage":"en-US","@id":"https:\/\/youngacademy.dk\/da\/#\/schema\/logo\/image\/","url":"https:\/\/youngacademy.dk\/wp-content\/uploads\/sites\/5\/2023\/05\/ya-favicon.svg","contentUrl":"https:\/\/youngacademy.dk\/wp-content\/uploads\/sites\/5\/2023\/05\/ya-favicon.svg","width":179,"height":179,"caption":"DET UNGE AKADEMI"},"image":{"@id":"https:\/\/youngacademy.dk\/da\/#\/schema\/logo\/image\/"}}]}},"_links":{"self":[{"href":"https:\/\/youngacademy.dk\/en\/wp-json\/wp\/v2\/pages\/11","targetHints":{"allow":["GET"]}}],"collection":[{"href":"https:\/\/youngacademy.dk\/en\/wp-json\/wp\/v2\/pages"}],"about":[{"href":"https:\/\/youngacademy.dk\/en\/wp-json\/wp\/v2\/types\/page"}],"author":[{"embeddable":true,"href":"https:\/\/youngacademy.dk\/en\/wp-json\/wp\/v2\/users\/2"}],"replies":[{"embeddable":true,"href":"https:\/\/youngacademy.dk\/en\/wp-json\/wp\/v2\/comments?post=11"}],"version-history":[{"count":173,"href":"https:\/\/youngacademy.dk\/en\/wp-json\/wp\/v2\/pages\/11\/revisions"}],"predecessor-version":[{"id":5658,"href":"https:\/\/youngacademy.dk\/en\/wp-json\/wp\/v2\/pages\/11\/revisions\/5658"}],"wp:featuredmedia":[{"embeddable":true,"href":"https:\/\/youngacademy.dk\/en\/wp-json\/wp\/v2\/media\/5320"}],"wp:attachment":[{"href":"https:\/\/youngacademy.dk\/en\/wp-json\/wp\/v2\/media?parent=11"}],"curies":[{"name":"wp","href":"https:\/\/api.w.org\/{rel}","templated":true}]}}