{"id":1650,"date":"2023-10-18T15:13:31","date_gmt":"2023-10-18T13:13:31","guid":{"rendered":"https:\/\/young-academy.stage.royalacademy.twentyfour.dev\/?page_id=1650"},"modified":"2024-01-17T15:36:04","modified_gmt":"2024-01-17T14:36:04","slug":"offentlig-deltagelse-2","status":"publish","type":"page","link":"https:\/\/youngacademy.dk\/en\/offentlig-deltagelse-2\/","title":{"rendered":"Offentlig deltagelse &#8211; formidling"},"content":{"rendered":"<section class=\"block-two-column-text  block bg-light\">\n    <div class=\"custom-container\">\n        <div class=\"fade-up row justify-content-end\">\n            <div class=\"col-12 col-xl-11\">\n                <div class=\"row justify-content-between\">\n                                            <div class=\"col-lg-5 d-flex flex-column row-gap-4\">\n                                                            <span>Offentlig deltagelse &#8211; formidling<\/span>\n                                                        <h2>Det Unge Akademi har et h\u00f8jt offentligt aktivitetsniveau i l\u00f8bet af \u00e5ret.\r\n\r\n<\/h2>\n                                                            <div class=\"wave-pattern mt-5 mb-5 mb-lg-0\"><\/div>\n                                                    <\/div>\n                                                                <div class=\"col-lg-6 second-col\">\n                                                            <h5>Flere af aktiviteterne er faciliteret gennem de tre st\u00e5ende udvalg: Formidlingsudvalget, Forskningspolitisk udvalg og Samarbejdsudvalget.<br \/>\nFormidlingsudvalget koordinerer s\u00e5ledes DUA\u2019s deltagelse i vidensfestivalen BLOOM og i arrangementerne Vin &amp; Viden p\u00e5 KUNSTEN i Aalborg.<\/h5>\n<h5><\/h5>\n                                                        <div class=\"d-flex flex-lg-row flex-column gap-4\">\n\t\t\t\t\t\t\t\t\t\t\t\t\t\t\t\t                            <\/div>\n                        <\/div>\n                                    <\/div>\n            <\/div>\n        <\/div>\n    <\/div>\n<\/section>\n\n\n\n<section class=\"bg-dark\">\n    <div class=\"dynamic-column-text-block\">\n        <div class=\"custom-container\">\n\t\t\t<div class=\"row justify-content-end\">\n\t\t\t\t<div class=\"col-12 col-xl-11\">\n\t\t\t\t\t<div class=\"justify-content-end column-count-2 grid-row-gap-0 align-items-baseline\">\n\t\t\t\t\t\t\t\t\t\t\t\t\t<h2 class=\"fade-up mb-4\"> Vin &amp; Viden p\u00e5 Kunsten <\/h2>\n\t\t\t\t\t\t\t\t\t\t\t\t\t\t\t\t\t\t\t<h2 class=\"fade-up mb-4 hide-mobile\"> Bloom \u2013 festival om natur &amp; videnskab <\/h2>\n\t\t\t\t\t\t\t\t\t\t\t\t\t\t\t\t\t<\/div>\n\t\t\t\t\t<div class=\"justify-content-end column-count-2\">\n\t\t\t\t\t\t<div class=\"fade-up p-0 d-flex flex-column\">\n\t\t\t\t\t\t\t<p>Det Unge Akademi arrangerer i samarbejde med Aalborg Universitet og<br \/>\nKunsten Museum of Modern Art i Aalborg arrangementsr\u00e6kken Vin &amp; Viden.<\/p>\n<p>Her bliver du klogere p\u00e5 emner, du m\u00e5ske slet ikke troede, du gerne ville<br \/>\nvide noget om, mens du nyder et glas vin.<\/p>\n\t\t\t\t\t\t\t<div class=\"d-flex flex-column\">\n\t\t\t\t\t\t\t\t\t\t\t\t\t\t\t\t\t\t\t\t\t\t\t<\/div>\n\t\t\t\t\t\t<\/div>\n\t\t\t\t\t\t<div class=\"fade-up p-0 d-flex flex-column\">\n\t\t\t\t\t\t\t\t\t\t\t\t\t\t\t<h2 class=\"fade-up mb-4 mobile\"> Bloom \u2013 festival om natur &amp; videnskab <\/h2>\n\t\t\t\t\t\t\t\t\t\t\t\t\t\t\t\t\t\t\t\t\t\t<p>Det Unge Akademi har de sidste to \u00e5r deltaget i vidensfestivalen Bloom, som afholdes i slutningen af maj i S\u00f8ndermarken i K\u00f8benhavn.<\/p>\n<p>Bloom udspringer af \u00f8nsket om at etablere et nyt dannelsesideal, hvor natur og videnskab spiller en central rolle i samfundet og i den enkeltes liv.<\/p>\n<h2 class=\"articleIntro__subheading--large\"><\/h2>\n\t\t\t\t\t\t\t\t\t\t\t\t\t\t<div class=\"d-flex flex-column\">\n\t\t\t\t\t\t\t\t\t\t\t\t\t\t\t\t\t\t\t\t\t\t\t<\/div>\n\t\t\t\t\t\t<\/div>\n\t\t\t\t\t\t<div class=\"fade-up p-0 d-flex flex-column\">\n\t\t\t\t\t\t\t\t\t\t\t\t\t\t\t\t\t\t\t\t\t\t\t\t\t\t\t\t\t\t\t\t\t\t\t\t<div class=\"d-flex flex-column\">\n\t\t\t\t\t\t\t\t\t\t\t\t\t\t\t\t\t\t\t\t\t\t\t<\/div>\n\t\t\t\t\t\t<\/div>\n\t\t\t\t\t<\/div>\n\t\t\t\t<\/div>\n            <\/div>\n        <\/div>\n    <\/div>\n<\/section>\n\n\n","protected":false},"excerpt":{"rendered":"","protected":false},"author":13,"featured_media":0,"parent":0,"menu_order":0,"comment_status":"closed","ping_status":"closed","template":"","meta":{"_acf_changed":false,"footnotes":""},"class_list":["post-1650","page","type-page","status-publish","hentry"],"acf":[],"yoast_head":"<!-- This site is optimized with the Yoast SEO plugin v27.0 - https:\/\/yoast.com\/product\/yoast-seo-wordpress\/ -->\n<title>Offentlig deltagelse - formidling - DET UNGE AKADEMI<\/title>\n<meta name=\"robots\" content=\"index, follow, max-snippet:-1, max-image-preview:large, max-video-preview:-1\" \/>\n<link rel=\"canonical\" href=\"https:\/\/youngacademy.dk\/da\/offentlig-deltagelse-2\/\" \/>\n<meta property=\"og:locale\" content=\"en_US\" \/>\n<meta property=\"og:type\" content=\"article\" \/>\n<meta property=\"og:title\" content=\"Offentlig deltagelse - formidling - DET UNGE AKADEMI\" \/>\n<meta property=\"og:url\" content=\"https:\/\/youngacademy.dk\/da\/offentlig-deltagelse-2\/\" \/>\n<meta property=\"og:site_name\" content=\"DET UNGE AKADEMI\" \/>\n<meta property=\"article:modified_time\" content=\"2024-01-17T14:36:04+00:00\" \/>\n<meta name=\"twitter:card\" content=\"summary_large_image\" \/>\n<script type=\"application\/ld+json\" class=\"yoast-schema-graph\">{\"@context\":\"https:\/\/schema.org\",\"@graph\":[{\"@type\":\"WebPage\",\"@id\":\"https:\/\/youngacademy.dk\/da\/offentlig-deltagelse-2\/\",\"url\":\"https:\/\/youngacademy.dk\/da\/offentlig-deltagelse-2\/\",\"name\":\"Offentlig deltagelse - formidling - DET UNGE AKADEMI\",\"isPartOf\":{\"@id\":\"https:\/\/youngacademy.dk\/da\/#website\"},\"datePublished\":\"2023-10-18T13:13:31+00:00\",\"dateModified\":\"2024-01-17T14:36:04+00:00\",\"breadcrumb\":{\"@id\":\"https:\/\/youngacademy.dk\/da\/offentlig-deltagelse-2\/#breadcrumb\"},\"inLanguage\":\"en-US\",\"potentialAction\":[{\"@type\":\"ReadAction\",\"target\":[\"https:\/\/youngacademy.dk\/da\/offentlig-deltagelse-2\/\"]}]},{\"@type\":\"BreadcrumbList\",\"@id\":\"https:\/\/youngacademy.dk\/da\/offentlig-deltagelse-2\/#breadcrumb\",\"itemListElement\":[{\"@type\":\"ListItem\",\"position\":1,\"name\":\"Hjem\",\"item\":\"https:\/\/youngacademy.dk\/en\/forside\/\"},{\"@type\":\"ListItem\",\"position\":2,\"name\":\"Offentlig deltagelse - formidling\"}]},{\"@type\":\"WebSite\",\"@id\":\"https:\/\/youngacademy.dk\/da\/#website\",\"url\":\"https:\/\/youngacademy.dk\/da\/\",\"name\":\"DET UNGE AKADEMI\",\"description\":\"\",\"publisher\":{\"@id\":\"https:\/\/youngacademy.dk\/da\/#organization\"},\"potentialAction\":[{\"@type\":\"SearchAction\",\"target\":{\"@type\":\"EntryPoint\",\"urlTemplate\":\"https:\/\/youngacademy.dk\/da\/?s={search_term_string}\"},\"query-input\":{\"@type\":\"PropertyValueSpecification\",\"valueRequired\":true,\"valueName\":\"search_term_string\"}}],\"inLanguage\":\"en-US\"},{\"@type\":\"Organization\",\"@id\":\"https:\/\/youngacademy.dk\/da\/#organization\",\"name\":\"DET UNGE AKADEMI\",\"url\":\"https:\/\/youngacademy.dk\/da\/\",\"logo\":{\"@type\":\"ImageObject\",\"inLanguage\":\"en-US\",\"@id\":\"https:\/\/youngacademy.dk\/da\/#\/schema\/logo\/image\/\",\"url\":\"https:\/\/youngacademy.dk\/wp-content\/uploads\/sites\/5\/2023\/05\/ya-favicon.svg\",\"contentUrl\":\"https:\/\/youngacademy.dk\/wp-content\/uploads\/sites\/5\/2023\/05\/ya-favicon.svg\",\"width\":179,\"height\":179,\"caption\":\"DET UNGE AKADEMI\"},\"image\":{\"@id\":\"https:\/\/youngacademy.dk\/da\/#\/schema\/logo\/image\/\"}}]}<\/script>\n<!-- \/ Yoast SEO plugin. -->","yoast_head_json":{"title":"Offentlig deltagelse - formidling - DET UNGE AKADEMI","robots":{"index":"index","follow":"follow","max-snippet":"max-snippet:-1","max-image-preview":"max-image-preview:large","max-video-preview":"max-video-preview:-1"},"canonical":"https:\/\/youngacademy.dk\/da\/offentlig-deltagelse-2\/","og_locale":"en_US","og_type":"article","og_title":"Offentlig deltagelse - formidling - DET UNGE AKADEMI","og_url":"https:\/\/youngacademy.dk\/da\/offentlig-deltagelse-2\/","og_site_name":"DET UNGE AKADEMI","article_modified_time":"2024-01-17T14:36:04+00:00","twitter_card":"summary_large_image","schema":{"@context":"https:\/\/schema.org","@graph":[{"@type":"WebPage","@id":"https:\/\/youngacademy.dk\/da\/offentlig-deltagelse-2\/","url":"https:\/\/youngacademy.dk\/da\/offentlig-deltagelse-2\/","name":"Offentlig deltagelse - formidling - DET UNGE AKADEMI","isPartOf":{"@id":"https:\/\/youngacademy.dk\/da\/#website"},"datePublished":"2023-10-18T13:13:31+00:00","dateModified":"2024-01-17T14:36:04+00:00","breadcrumb":{"@id":"https:\/\/youngacademy.dk\/da\/offentlig-deltagelse-2\/#breadcrumb"},"inLanguage":"en-US","potentialAction":[{"@type":"ReadAction","target":["https:\/\/youngacademy.dk\/da\/offentlig-deltagelse-2\/"]}]},{"@type":"BreadcrumbList","@id":"https:\/\/youngacademy.dk\/da\/offentlig-deltagelse-2\/#breadcrumb","itemListElement":[{"@type":"ListItem","position":1,"name":"Hjem","item":"https:\/\/youngacademy.dk\/en\/forside\/"},{"@type":"ListItem","position":2,"name":"Offentlig deltagelse - formidling"}]},{"@type":"WebSite","@id":"https:\/\/youngacademy.dk\/da\/#website","url":"https:\/\/youngacademy.dk\/da\/","name":"DET UNGE AKADEMI","description":"","publisher":{"@id":"https:\/\/youngacademy.dk\/da\/#organization"},"potentialAction":[{"@type":"SearchAction","target":{"@type":"EntryPoint","urlTemplate":"https:\/\/youngacademy.dk\/da\/?s={search_term_string}"},"query-input":{"@type":"PropertyValueSpecification","valueRequired":true,"valueName":"search_term_string"}}],"inLanguage":"en-US"},{"@type":"Organization","@id":"https:\/\/youngacademy.dk\/da\/#organization","name":"DET UNGE AKADEMI","url":"https:\/\/youngacademy.dk\/da\/","logo":{"@type":"ImageObject","inLanguage":"en-US","@id":"https:\/\/youngacademy.dk\/da\/#\/schema\/logo\/image\/","url":"https:\/\/youngacademy.dk\/wp-content\/uploads\/sites\/5\/2023\/05\/ya-favicon.svg","contentUrl":"https:\/\/youngacademy.dk\/wp-content\/uploads\/sites\/5\/2023\/05\/ya-favicon.svg","width":179,"height":179,"caption":"DET UNGE AKADEMI"},"image":{"@id":"https:\/\/youngacademy.dk\/da\/#\/schema\/logo\/image\/"}}]}},"_links":{"self":[{"href":"https:\/\/youngacademy.dk\/en\/wp-json\/wp\/v2\/pages\/1650","targetHints":{"allow":["GET"]}}],"collection":[{"href":"https:\/\/youngacademy.dk\/en\/wp-json\/wp\/v2\/pages"}],"about":[{"href":"https:\/\/youngacademy.dk\/en\/wp-json\/wp\/v2\/types\/page"}],"author":[{"embeddable":true,"href":"https:\/\/youngacademy.dk\/en\/wp-json\/wp\/v2\/users\/13"}],"replies":[{"embeddable":true,"href":"https:\/\/youngacademy.dk\/en\/wp-json\/wp\/v2\/comments?post=1650"}],"version-history":[{"count":93,"href":"https:\/\/youngacademy.dk\/en\/wp-json\/wp\/v2\/pages\/1650\/revisions"}],"predecessor-version":[{"id":3502,"href":"https:\/\/youngacademy.dk\/en\/wp-json\/wp\/v2\/pages\/1650\/revisions\/3502"}],"wp:attachment":[{"href":"https:\/\/youngacademy.dk\/en\/wp-json\/wp\/v2\/media?parent=1650"}],"curies":[{"name":"wp","href":"https:\/\/api.w.org\/{rel}","templated":true}]}}