{"id":1880,"date":"2023-10-23T08:44:55","date_gmt":"2023-10-23T06:44:55","guid":{"rendered":"https:\/\/young-academy.stage.royalacademy.twentyfour.dev\/?page_id=1880"},"modified":"2024-01-29T11:23:01","modified_gmt":"2024-01-29T10:23:01","slug":"forsker-politiker-praktikordning","status":"publish","type":"page","link":"https:\/\/youngacademy.dk\/en\/forsker-politiker-praktikordning\/","title":{"rendered":"Forsker-politikerpraktikordning"},"content":{"rendered":"<section class=\"block-two-column-text  block bg-light\">\n    <div class=\"custom-container\">\n        <div class=\"fade-up row justify-content-end\">\n            <div class=\"col-12 col-xl-11\">\n                <div class=\"row justify-content-between\">\n                                            <div class=\"col-lg-5 d-flex flex-column row-gap-4\">\n                                                        <h2>DET UNGE AKADEMI INVITERER POLITIKERNE I PRAKTIK \r\n\r\n\r\n<\/h2>\n                                                            <div class=\"wave-pattern mt-5 mb-5 mb-lg-0\"><\/div>\n                                                    <\/div>\n                                                                <div class=\"col-lg-6 second-col\">\n                                                            <h5>Forskningspolitisk udvalg st\u00e5r for en forsker-politikerf\u00f8lgeordning, der skal give politikerne og forskerne indsigt i hinandens hverdag ved parvis at f\u00f8lge med en dag p\u00e5 jobbet.<\/h5>\n<h5>Ordningen skal fremme dialogen med uddannelses- og forskningsordf\u00f8rerne i Folketinget og samtidig g\u00f8re opm\u00e6rksom p\u00e5 de k\u00e5r, som yngre universitetsforskere er underlagt.<\/h5>\n                                                        <div class=\"d-flex flex-lg-row flex-column gap-4\">\n\t\t\t\t\t\t\t\t\t\t\t\t\t\t\t\t                            <\/div>\n                        <\/div>\n                                    <\/div>\n            <\/div>\n        <\/div>\n    <\/div>\n<\/section>\n\n\n<section class=\"block-two-column-text  block bg-light\">\n    <div class=\"custom-container\">\n        <div class=\"row justify-content-end\">\n            <div class=\"col-12 col-xl-11\">\n                <div class=\"row align-items-center column-gap-5 row-gap-5 d-flex flex-column flex-lg-row justify-content-between two-column-text-image\">\n\n                    <div class=\"col d-none d-lg-flex flex-column order-lg-0\">\n            <img decoding=\"async\" width=\"1431\" height=\"1073\" data-src=\"https:\/\/youngacademy.dk\/wp-content\/uploads\/sites\/5\/2024\/01\/kvantedemokrat-e1705483597147.jpg\" class=\"background-cover lazyload\" alt=\"\" src=\"data:image\/svg+xml;base64,PHN2ZyB3aWR0aD0iMSIgaGVpZ2h0PSIxIiB4bWxucz0iaHR0cDovL3d3dy53My5vcmcvMjAwMC9zdmciPjwvc3ZnPg==\" style=\"--smush-placeholder-width: 1431px; --smush-placeholder-aspect-ratio: 1431\/1073;\" \/>            <\/div>\n\n                                            <div class=\"col-lg-5 d-flex flex-column row-gap-4 content-column\">\n\t\t\t\t\t\t\t                            <h2>Forsker-politikerpraktikordning<\/h2>\n\n                                <img decoding=\"async\" width=\"1431\" height=\"1073\" data-src=\"https:\/\/youngacademy.dk\/wp-content\/uploads\/sites\/5\/2024\/01\/kvantedemokrat-e1705483597147.jpg\" class=\"d-block d-lg-none background-cover lazyload\" alt=\"\" src=\"data:image\/svg+xml;base64,PHN2ZyB3aWR0aD0iMSIgaGVpZ2h0PSIxIiB4bWxucz0iaHR0cDovL3d3dy53My5vcmcvMjAwMC9zdmciPjwvc3ZnPg==\" style=\"--smush-placeholder-width: 1431px; --smush-placeholder-aspect-ratio: 1431\/1073;\" \/>                                                            <div class=\"\">\n                                    <p>Ideen med ordningen er, at politikerne f\u00e5r mulighed for at opleve forskeres hverdag\u00a0p\u00e5 universiteterne og l\u00e6re om forskningen i praksis ved simpelthen at f\u00f8lge en ung forsker p\u00e5 arbejde for en dag. Dette bliver s\u00e5 efterfulgt af et lignende bes\u00f8g for den unge forsker p\u00e5 Christiansborg.\u00a0Form\u00e5let er at bygge en t\u00e6ttere bro mellem vore verdener, at lade politikere f\u00e5 et t\u00e6ttere kendskab til forskningsverdens indhold samtidig med, at forskerne f\u00e5r en forst\u00e5else for politikernes arbejde og prioriteringsmuligheder.<\/p>\n<p>De politiske profiler, som var med i ordningen i 2018, var: Christine Antorini, Mads Fuglede, Mette Reissmann, Jakob Mark, Sofie Carsten Nielsen, Jens Henrik Thulesen Dahl og S\u00f8ren Pind.<br \/>\nMed et nyt Folketing p\u00e5 plads efter valget i juni 2019 tog forskningspolitisk udvalg igen kontakt til Folketingets Uddannelses- og Forskningsudvalg for at relancere ordningen. Dette skete ved et bes\u00f8g p\u00e5 Christiansborg i november 2019, hvor man fors\u00f8gte at tiltr\u00e6kke nye politikere til ordningen i 2020.<\/p>\n                                <\/div>\n                                                        <div class=\"d-flex flex-lg-row flex-column gap-4\">\n                                                                                            <\/div>\n\n                                                    <\/div>\n                                    <\/div>\n            <\/div>\n        <\/div>\n    <\/div>\n<\/section>\n","protected":false},"excerpt":{"rendered":"","protected":false},"author":13,"featured_media":0,"parent":0,"menu_order":0,"comment_status":"closed","ping_status":"closed","template":"","meta":{"_acf_changed":false,"footnotes":""},"class_list":["post-1880","page","type-page","status-publish","hentry"],"acf":[],"yoast_head":"<!-- This site is optimized with the Yoast SEO plugin v27.0 - https:\/\/yoast.com\/product\/yoast-seo-wordpress\/ -->\n<title>Forsker-politikerpraktikordning - DET UNGE AKADEMI<\/title>\n<meta name=\"robots\" content=\"index, follow, max-snippet:-1, max-image-preview:large, max-video-preview:-1\" \/>\n<link rel=\"canonical\" href=\"https:\/\/youngacademy.dk\/da\/forsker-politiker-praktikordning\/\" \/>\n<meta property=\"og:locale\" content=\"en_US\" \/>\n<meta property=\"og:type\" content=\"article\" \/>\n<meta property=\"og:title\" content=\"Forsker-politikerpraktikordning - DET UNGE AKADEMI\" \/>\n<meta property=\"og:url\" content=\"https:\/\/youngacademy.dk\/da\/forsker-politiker-praktikordning\/\" \/>\n<meta property=\"og:site_name\" content=\"DET UNGE AKADEMI\" \/>\n<meta property=\"article:modified_time\" content=\"2024-01-29T10:23:01+00:00\" \/>\n<meta name=\"twitter:card\" content=\"summary_large_image\" \/>\n<script type=\"application\/ld+json\" class=\"yoast-schema-graph\">{\"@context\":\"https:\/\/schema.org\",\"@graph\":[{\"@type\":\"WebPage\",\"@id\":\"https:\/\/youngacademy.dk\/da\/forsker-politiker-praktikordning\/\",\"url\":\"https:\/\/youngacademy.dk\/da\/forsker-politiker-praktikordning\/\",\"name\":\"Forsker-politikerpraktikordning - DET UNGE AKADEMI\",\"isPartOf\":{\"@id\":\"https:\/\/youngacademy.dk\/da\/#website\"},\"datePublished\":\"2023-10-23T06:44:55+00:00\",\"dateModified\":\"2024-01-29T10:23:01+00:00\",\"breadcrumb\":{\"@id\":\"https:\/\/youngacademy.dk\/da\/forsker-politiker-praktikordning\/#breadcrumb\"},\"inLanguage\":\"en-US\",\"potentialAction\":[{\"@type\":\"ReadAction\",\"target\":[\"https:\/\/youngacademy.dk\/da\/forsker-politiker-praktikordning\/\"]}]},{\"@type\":\"BreadcrumbList\",\"@id\":\"https:\/\/youngacademy.dk\/da\/forsker-politiker-praktikordning\/#breadcrumb\",\"itemListElement\":[{\"@type\":\"ListItem\",\"position\":1,\"name\":\"Hjem\",\"item\":\"https:\/\/youngacademy.dk\/en\/forside\/\"},{\"@type\":\"ListItem\",\"position\":2,\"name\":\"Forsker-politikerpraktikordning\"}]},{\"@type\":\"WebSite\",\"@id\":\"https:\/\/youngacademy.dk\/da\/#website\",\"url\":\"https:\/\/youngacademy.dk\/da\/\",\"name\":\"DET UNGE AKADEMI\",\"description\":\"\",\"publisher\":{\"@id\":\"https:\/\/youngacademy.dk\/da\/#organization\"},\"potentialAction\":[{\"@type\":\"SearchAction\",\"target\":{\"@type\":\"EntryPoint\",\"urlTemplate\":\"https:\/\/youngacademy.dk\/da\/?s={search_term_string}\"},\"query-input\":{\"@type\":\"PropertyValueSpecification\",\"valueRequired\":true,\"valueName\":\"search_term_string\"}}],\"inLanguage\":\"en-US\"},{\"@type\":\"Organization\",\"@id\":\"https:\/\/youngacademy.dk\/da\/#organization\",\"name\":\"DET UNGE AKADEMI\",\"url\":\"https:\/\/youngacademy.dk\/da\/\",\"logo\":{\"@type\":\"ImageObject\",\"inLanguage\":\"en-US\",\"@id\":\"https:\/\/youngacademy.dk\/da\/#\/schema\/logo\/image\/\",\"url\":\"https:\/\/youngacademy.dk\/wp-content\/uploads\/sites\/5\/2023\/05\/ya-favicon.svg\",\"contentUrl\":\"https:\/\/youngacademy.dk\/wp-content\/uploads\/sites\/5\/2023\/05\/ya-favicon.svg\",\"width\":179,\"height\":179,\"caption\":\"DET UNGE AKADEMI\"},\"image\":{\"@id\":\"https:\/\/youngacademy.dk\/da\/#\/schema\/logo\/image\/\"}}]}<\/script>\n<!-- \/ Yoast SEO plugin. -->","yoast_head_json":{"title":"Forsker-politikerpraktikordning - DET UNGE AKADEMI","robots":{"index":"index","follow":"follow","max-snippet":"max-snippet:-1","max-image-preview":"max-image-preview:large","max-video-preview":"max-video-preview:-1"},"canonical":"https:\/\/youngacademy.dk\/da\/forsker-politiker-praktikordning\/","og_locale":"en_US","og_type":"article","og_title":"Forsker-politikerpraktikordning - DET UNGE AKADEMI","og_url":"https:\/\/youngacademy.dk\/da\/forsker-politiker-praktikordning\/","og_site_name":"DET UNGE AKADEMI","article_modified_time":"2024-01-29T10:23:01+00:00","twitter_card":"summary_large_image","schema":{"@context":"https:\/\/schema.org","@graph":[{"@type":"WebPage","@id":"https:\/\/youngacademy.dk\/da\/forsker-politiker-praktikordning\/","url":"https:\/\/youngacademy.dk\/da\/forsker-politiker-praktikordning\/","name":"Forsker-politikerpraktikordning - DET UNGE AKADEMI","isPartOf":{"@id":"https:\/\/youngacademy.dk\/da\/#website"},"datePublished":"2023-10-23T06:44:55+00:00","dateModified":"2024-01-29T10:23:01+00:00","breadcrumb":{"@id":"https:\/\/youngacademy.dk\/da\/forsker-politiker-praktikordning\/#breadcrumb"},"inLanguage":"en-US","potentialAction":[{"@type":"ReadAction","target":["https:\/\/youngacademy.dk\/da\/forsker-politiker-praktikordning\/"]}]},{"@type":"BreadcrumbList","@id":"https:\/\/youngacademy.dk\/da\/forsker-politiker-praktikordning\/#breadcrumb","itemListElement":[{"@type":"ListItem","position":1,"name":"Hjem","item":"https:\/\/youngacademy.dk\/en\/forside\/"},{"@type":"ListItem","position":2,"name":"Forsker-politikerpraktikordning"}]},{"@type":"WebSite","@id":"https:\/\/youngacademy.dk\/da\/#website","url":"https:\/\/youngacademy.dk\/da\/","name":"DET UNGE AKADEMI","description":"","publisher":{"@id":"https:\/\/youngacademy.dk\/da\/#organization"},"potentialAction":[{"@type":"SearchAction","target":{"@type":"EntryPoint","urlTemplate":"https:\/\/youngacademy.dk\/da\/?s={search_term_string}"},"query-input":{"@type":"PropertyValueSpecification","valueRequired":true,"valueName":"search_term_string"}}],"inLanguage":"en-US"},{"@type":"Organization","@id":"https:\/\/youngacademy.dk\/da\/#organization","name":"DET UNGE AKADEMI","url":"https:\/\/youngacademy.dk\/da\/","logo":{"@type":"ImageObject","inLanguage":"en-US","@id":"https:\/\/youngacademy.dk\/da\/#\/schema\/logo\/image\/","url":"https:\/\/youngacademy.dk\/wp-content\/uploads\/sites\/5\/2023\/05\/ya-favicon.svg","contentUrl":"https:\/\/youngacademy.dk\/wp-content\/uploads\/sites\/5\/2023\/05\/ya-favicon.svg","width":179,"height":179,"caption":"DET UNGE AKADEMI"},"image":{"@id":"https:\/\/youngacademy.dk\/da\/#\/schema\/logo\/image\/"}}]}},"_links":{"self":[{"href":"https:\/\/youngacademy.dk\/en\/wp-json\/wp\/v2\/pages\/1880","targetHints":{"allow":["GET"]}}],"collection":[{"href":"https:\/\/youngacademy.dk\/en\/wp-json\/wp\/v2\/pages"}],"about":[{"href":"https:\/\/youngacademy.dk\/en\/wp-json\/wp\/v2\/types\/page"}],"author":[{"embeddable":true,"href":"https:\/\/youngacademy.dk\/en\/wp-json\/wp\/v2\/users\/13"}],"replies":[{"embeddable":true,"href":"https:\/\/youngacademy.dk\/en\/wp-json\/wp\/v2\/comments?post=1880"}],"version-history":[{"count":42,"href":"https:\/\/youngacademy.dk\/en\/wp-json\/wp\/v2\/pages\/1880\/revisions"}],"predecessor-version":[{"id":3782,"href":"https:\/\/youngacademy.dk\/en\/wp-json\/wp\/v2\/pages\/1880\/revisions\/3782"}],"wp:attachment":[{"href":"https:\/\/youngacademy.dk\/en\/wp-json\/wp\/v2\/media?parent=1880"}],"curies":[{"name":"wp","href":"https:\/\/api.w.org\/{rel}","templated":true}]}}